{"id":1091,"date":"2014-09-15T20:51:57","date_gmt":"2014-09-15T19:51:57","guid":{"rendered":"http:\/\/www.joseyedro.com\/blog\/?page_id=1091"},"modified":"2018-03-14T17:18:58","modified_gmt":"2018-03-14T16:18:58","slug":"incluir-un-enlace-promocional-de-tradedoubler-en-una-plantilla-de-mail","status":"publish","type":"page","link":"http:\/\/www.joseyedro.com\/blog\/trucos_faciles\/incluir-un-enlace-promocional-de-tradedoubler-en-una-plantilla-de-mail\/","title":{"rendered":"Incluir un enlace promocional de Tradedoubler en una plantilla de mail"},"content":{"rendered":"<p style=\"text-align: center;\">\n<script type=\"text\/javascript\">\n    google_ad_client = \"ca-pub-2677838071512913\";\n    google_ad_slot = \"6726550384\";\n    google_ad_width = 468;\n    google_ad_height = 15;\n<\/script><br \/>\n<!-- texto Como Hago mediano --><br \/>\n<script type=\"text\/javascript\"\nsrc=\"\/\/pagead2.googlesyndication.com\/pagead\/show_ads.js\">\n<\/script>\n<\/p>\n<p style=\"text-align: justify;\">\nLos pasos que hay que seguir para poder incluir un enlace promocional en una plantilla de mail, o correo electr\u00f3nico, son los que siguen:<\/p>\n<p>Accedemos a nuestra cuenta de Tradedoubler.<br \/>\nEntramos en MIS PROGRAMAS.<\/p>\n<p><a href=\"http:\/\/www.joseyedro.com\/blog\/wp-content\/uploads\/2014\/09\/01-tradedoubler-mis-programas.jpg\"><img loading=\"lazy\" class=\"aligncenter size-full wp-image-1092\" src=\"http:\/\/www.joseyedro.com\/blog\/wp-content\/uploads\/2014\/09\/01-tradedoubler-mis-programas.jpg\" alt=\"01 tradedoubler mis programas\" width=\"372\" height=\"317\" srcset=\"http:\/\/www.joseyedro.com\/blog\/wp-content\/uploads\/2014\/09\/01-tradedoubler-mis-programas.jpg 372w, http:\/\/www.joseyedro.com\/blog\/wp-content\/uploads\/2014\/09\/01-tradedoubler-mis-programas-300x255.jpg 300w\" sizes=\"(max-width: 372px) 100vw, 372px\" \/><\/a><br \/>\nSeleccionamos el programa que queremos promocionar, y en el que ya estamos aceptados.<img loading=\"lazy\" class=\"aligncenter size-full wp-image-1093\" src=\"http:\/\/www.joseyedro.com\/blog\/wp-content\/uploads\/2014\/09\/02-tradedoubler-vista-general.jpg\" alt=\"02 tradedoubler vista general\" width=\"489\" height=\"351\" srcset=\"http:\/\/www.joseyedro.com\/blog\/wp-content\/uploads\/2014\/09\/02-tradedoubler-vista-general.jpg 489w, http:\/\/www.joseyedro.com\/blog\/wp-content\/uploads\/2014\/09\/02-tradedoubler-vista-general-300x215.jpg 300w\" sizes=\"(max-width: 489px) 100vw, 489px\" \/>Dentro de \u00e9ste, entramos en ENLACES, y LISTA DE CREATIVIDADES DISPONIBLES<img loading=\"lazy\" class=\"aligncenter size-full wp-image-1094\" src=\"http:\/\/www.joseyedro.com\/blog\/wp-content\/uploads\/2014\/09\/03-tradedoubler-enlaces.jpg\" alt=\"03 tradedoubler enlaces\" width=\"516\" height=\"486\" srcset=\"http:\/\/www.joseyedro.com\/blog\/wp-content\/uploads\/2014\/09\/03-tradedoubler-enlaces.jpg 516w, http:\/\/www.joseyedro.com\/blog\/wp-content\/uploads\/2014\/09\/03-tradedoubler-enlaces-300x282.jpg 300w\" sizes=\"(max-width: 516px) 100vw, 516px\" \/>Una vez dentro, vemos si dispone de la opci\u00f3n de ENLACES DE TEXTO.<img loading=\"lazy\" class=\"aligncenter size-full wp-image-1095\" src=\"http:\/\/www.joseyedro.com\/blog\/wp-content\/uploads\/2014\/09\/04-tradedoubler-lista-de-creatividades.jpg\" alt=\"04 tradedoubler lista de creatividades\" width=\"793\" height=\"92\" srcset=\"http:\/\/www.joseyedro.com\/blog\/wp-content\/uploads\/2014\/09\/04-tradedoubler-lista-de-creatividades.jpg 793w, http:\/\/www.joseyedro.com\/blog\/wp-content\/uploads\/2014\/09\/04-tradedoubler-lista-de-creatividades-300x34.jpg 300w\" sizes=\"(max-width: 793px) 100vw, 793px\" \/>Si disponemos de esta opci\u00f3n, la marcamos y picamos en buscar. Nos aparecer\u00e1 una l\u00ednea donde podremos seleccionar TEXT LINKS.<img loading=\"lazy\" class=\"aligncenter size-full wp-image-1096\" src=\"http:\/\/www.joseyedro.com\/blog\/wp-content\/uploads\/2014\/09\/05-tradedoubler-text-links.jpg\" alt=\"05 tradedoubler text links\" width=\"1203\" height=\"76\" srcset=\"http:\/\/www.joseyedro.com\/blog\/wp-content\/uploads\/2014\/09\/05-tradedoubler-text-links.jpg 1203w, http:\/\/www.joseyedro.com\/blog\/wp-content\/uploads\/2014\/09\/05-tradedoubler-text-links-300x18.jpg 300w, http:\/\/www.joseyedro.com\/blog\/wp-content\/uploads\/2014\/09\/05-tradedoubler-text-links-1024x64.jpg 1024w\" sizes=\"(max-width: 1203px) 100vw, 1203px\" \/>Si lo que queremos es un enlace profundo, es decir, apuntar nuestro enlace a un punto en concreto, debe picarse sobre DEEP LINKS.<br \/>\nEn el TEXT LINKS, tenemos dos opciones. Yo he optado primero por la Etiqueta, para poder ponerle el nombre con el que aparecer\u00e1 en mi mail. Y luego picar\u00e9 sobre la otra opci\u00f3n, la de URL, pero copiar\u00e9 y pegar\u00e9 la ETIQUETA, no la URL. El resultado es el mismo, pero me ahorro tener que insertar el hiperv\u00ednculo.<img loading=\"lazy\" class=\"aligncenter size-full wp-image-1097\" src=\"http:\/\/www.joseyedro.com\/blog\/wp-content\/uploads\/2014\/09\/06-tradedoubler-etiqueta.jpg\" alt=\"06 tradedoubler etiqueta\" width=\"768\" height=\"626\" srcset=\"http:\/\/www.joseyedro.com\/blog\/wp-content\/uploads\/2014\/09\/06-tradedoubler-etiqueta.jpg 768w, http:\/\/www.joseyedro.com\/blog\/wp-content\/uploads\/2014\/09\/06-tradedoubler-etiqueta-300x244.jpg 300w\" sizes=\"(max-width: 768px) 100vw, 768px\" \/>Y en la plantilla principal del correo electr\u00f3nico, pego la etiqueta.<img loading=\"lazy\" class=\"aligncenter size-full wp-image-1098\" src=\"http:\/\/www.joseyedro.com\/blog\/wp-content\/uploads\/2014\/09\/07-tradedoubler-etiqueta-en-mail.jpg\" alt=\"07 tradedoubler etiqueta en mail\" width=\"251\" height=\"260\" \/>No hay que olvidar guardar la plantilla del mail, para evitarnos hacer este proceso cada vez que queremos promocionar una firma.<\/p>\n","protected":false},"excerpt":{"rendered":"<p>Los pasos que hay que seguir para poder incluir un enlace promocional en una plantilla de mail, o correo electr\u00f3nico, son los que siguen: Accedemos a nuestra cuenta de Tradedoubler. Entramos en MIS PROGRAMAS. Seleccionamos el programa que queremos promocionar, &hellip; <a href=\"http:\/\/www.joseyedro.com\/blog\/trucos_faciles\/incluir-un-enlace-promocional-de-tradedoubler-en-una-plantilla-de-mail\/\">Sigue leyendo <span class=\"meta-nav\">&rarr;<\/span><\/a><\/p>\n","protected":false},"author":1,"featured_media":0,"parent":155,"menu_order":0,"comment_status":"open","ping_status":"closed","template":"","meta":[],"yoast_head":"<!-- This site is optimized with the Yoast SEO plugin v16.0.2 - https:\/\/yoast.com\/wordpress\/plugins\/seo\/ -->\n<meta name=\"description\" content=\"como compartir un enlace, link, que queremos promocionar, con nuestros contactos\" \/>\n<meta name=\"robots\" content=\"index, follow, max-snippet:-1, max-image-preview:large, max-video-preview:-1\" \/>\n<link rel=\"canonical\" href=\"https:\/\/www.joseyedro.com\/blog\/trucos_faciles\/incluir-un-enlace-promocional-de-tradedoubler-en-una-plantilla-de-mail\/\" \/>\n<meta property=\"og:locale\" content=\"es_ES\" \/>\n<meta property=\"og:type\" content=\"article\" \/>\n<meta property=\"og:title\" content=\"Incluir un enlace promocional de Tradedoubler en una plantilla de mail\" \/>\n<meta property=\"og:description\" content=\"como compartir un enlace, link, que queremos promocionar, con nuestros contactos\" \/>\n<meta property=\"og:url\" content=\"https:\/\/www.joseyedro.com\/blog\/trucos_faciles\/incluir-un-enlace-promocional-de-tradedoubler-en-una-plantilla-de-mail\/\" \/>\n<meta property=\"og:site_name\" content=\"Si Trajano Levantara la Cabeza ...\" \/>\n<meta property=\"article:publisher\" content=\"https:\/\/www.facebook.com\/jose.yedro.5\" \/>\n<meta property=\"article:modified_time\" content=\"2018-03-14T16:18:58+00:00\" \/>\n<meta property=\"og:image\" content=\"http:\/\/www.joseyedro.com\/blog\/wp-content\/uploads\/2014\/09\/01-tradedoubler-mis-programas.jpg\" \/>\n<meta name=\"twitter:label1\" content=\"Tiempo de lectura\">\n\t<meta name=\"twitter:data1\" content=\"1 minuto\">\n<script type=\"application\/ld+json\" class=\"yoast-schema-graph\">{\"@context\":\"https:\/\/schema.org\",\"@graph\":[{\"@type\":\"WebSite\",\"@id\":\"https:\/\/www.joseyedro.com\/blog\/#website\",\"url\":\"https:\/\/www.joseyedro.com\/blog\/\",\"name\":\"Si Trajano Levantara la Cabeza ...\",\"description\":\"Desde el Peristilum\",\"potentialAction\":[{\"@type\":\"SearchAction\",\"target\":\"https:\/\/www.joseyedro.com\/blog\/?s={search_term_string}\",\"query-input\":\"required name=search_term_string\"}],\"inLanguage\":\"es\"},{\"@type\":\"ImageObject\",\"@id\":\"https:\/\/www.joseyedro.com\/blog\/trucos_faciles\/incluir-un-enlace-promocional-de-tradedoubler-en-una-plantilla-de-mail\/#primaryimage\",\"inLanguage\":\"es\",\"url\":\"http:\/\/www.joseyedro.com\/blog\/wp-content\/uploads\/2014\/09\/01-tradedoubler-mis-programas.jpg\",\"width\":372,\"height\":317},{\"@type\":\"WebPage\",\"@id\":\"https:\/\/www.joseyedro.com\/blog\/trucos_faciles\/incluir-un-enlace-promocional-de-tradedoubler-en-una-plantilla-de-mail\/#webpage\",\"url\":\"https:\/\/www.joseyedro.com\/blog\/trucos_faciles\/incluir-un-enlace-promocional-de-tradedoubler-en-una-plantilla-de-mail\/\",\"name\":\"Incluir un enlace promocional de Tradedoubler en una plantilla de mail\",\"isPartOf\":{\"@id\":\"https:\/\/www.joseyedro.com\/blog\/#website\"},\"primaryImageOfPage\":{\"@id\":\"https:\/\/www.joseyedro.com\/blog\/trucos_faciles\/incluir-un-enlace-promocional-de-tradedoubler-en-una-plantilla-de-mail\/#primaryimage\"},\"datePublished\":\"2014-09-15T19:51:57+00:00\",\"dateModified\":\"2018-03-14T16:18:58+00:00\",\"description\":\"como compartir un enlace, link, que queremos promocionar, con nuestros contactos\",\"breadcrumb\":{\"@id\":\"https:\/\/www.joseyedro.com\/blog\/trucos_faciles\/incluir-un-enlace-promocional-de-tradedoubler-en-una-plantilla-de-mail\/#breadcrumb\"},\"inLanguage\":\"es\",\"potentialAction\":[{\"@type\":\"ReadAction\",\"target\":[\"https:\/\/www.joseyedro.com\/blog\/trucos_faciles\/incluir-un-enlace-promocional-de-tradedoubler-en-una-plantilla-de-mail\/\"]}]},{\"@type\":\"BreadcrumbList\",\"@id\":\"https:\/\/www.joseyedro.com\/blog\/trucos_faciles\/incluir-un-enlace-promocional-de-tradedoubler-en-una-plantilla-de-mail\/#breadcrumb\",\"itemListElement\":[{\"@type\":\"ListItem\",\"position\":1,\"item\":{\"@type\":\"WebPage\",\"@id\":\"https:\/\/www.joseyedro.com\/blog\/\",\"url\":\"https:\/\/www.joseyedro.com\/blog\/\",\"name\":\"Home\"}},{\"@type\":\"ListItem\",\"position\":2,\"item\":{\"@type\":\"WebPage\",\"@id\":\"http:\/\/www.joseyedro.com\/blog\/trucos_faciles\/\",\"url\":\"http:\/\/www.joseyedro.com\/blog\/trucos_faciles\/\",\"name\":\"TRUCOS F\\u00c1CILES&#8230;?\"}},{\"@type\":\"ListItem\",\"position\":3,\"item\":{\"@type\":\"WebPage\",\"@id\":\"https:\/\/www.joseyedro.com\/blog\/trucos_faciles\/incluir-un-enlace-promocional-de-tradedoubler-en-una-plantilla-de-mail\/\",\"url\":\"https:\/\/www.joseyedro.com\/blog\/trucos_faciles\/incluir-un-enlace-promocional-de-tradedoubler-en-una-plantilla-de-mail\/\",\"name\":\"Incluir un enlace promocional de Tradedoubler en una plantilla de mail\"}}]}]}<\/script>\n<!-- \/ Yoast SEO plugin. -->","_links":{"self":[{"href":"http:\/\/www.joseyedro.com\/blog\/wp-json\/wp\/v2\/pages\/1091"}],"collection":[{"href":"http:\/\/www.joseyedro.com\/blog\/wp-json\/wp\/v2\/pages"}],"about":[{"href":"http:\/\/www.joseyedro.com\/blog\/wp-json\/wp\/v2\/types\/page"}],"author":[{"embeddable":true,"href":"http:\/\/www.joseyedro.com\/blog\/wp-json\/wp\/v2\/users\/1"}],"replies":[{"embeddable":true,"href":"http:\/\/www.joseyedro.com\/blog\/wp-json\/wp\/v2\/comments?post=1091"}],"version-history":[{"count":3,"href":"http:\/\/www.joseyedro.com\/blog\/wp-json\/wp\/v2\/pages\/1091\/revisions"}],"predecessor-version":[{"id":1551,"href":"http:\/\/www.joseyedro.com\/blog\/wp-json\/wp\/v2\/pages\/1091\/revisions\/1551"}],"up":[{"embeddable":true,"href":"http:\/\/www.joseyedro.com\/blog\/wp-json\/wp\/v2\/pages\/155"}],"wp:attachment":[{"href":"http:\/\/www.joseyedro.com\/blog\/wp-json\/wp\/v2\/media?parent=1091"}],"curies":[{"name":"wp","href":"https:\/\/api.w.org\/{rel}","templated":true}]}}