{"id":1136,"date":"2014-10-13T20:53:20","date_gmt":"2014-10-13T19:53:20","guid":{"rendered":"http:\/\/www.joseyedro.com\/blog\/?page_id=1136"},"modified":"2018-03-14T17:18:44","modified_gmt":"2018-03-14T16:18:44","slug":"crea-una-tienda-online-con-wordpress","status":"publish","type":"page","link":"http:\/\/www.joseyedro.com\/blog\/trucos_faciles\/crea-una-tienda-online-con-wordpress\/","title":{"rendered":"Crear una Tienda Online con WordPress"},"content":{"rendered":"<p style=\"text-align: center;\">\n<!-- texto adsense como hago --><br \/>\n<script type=\"text\/javascript\">\n    google_ad_client = \"ca-pub-2677838071512913\";\n    google_ad_slot = \"6726550384\";\n    google_ad_width = 468;\n    google_ad_height = 15;\n<\/script><br \/>\n<!-- texto Como Hago mediano --><br \/>\n<script type=\"text\/javascript\"\nsrc=\"\/\/pagead2.googlesyndication.com\/pagead\/show_ads.js\">\n<\/script>\n<\/p>\n<p style=\"text-align: justify;\">Crear una tienda online con WordPress utilizando una plantilla, es un proceso r\u00e1pido y sencillo, pero antes hay que cumplir con ciertos requisitos. Primero hay que disponer de un dominio y luego tambi\u00e9n necesitamos un alojamiento (hosting) para poder archivar nuestro contenido. Al elegir el dominio, es aconsejable que el nombre tenga relaci\u00f3n con nuestra actividad, de lo contrario nos resultar\u00e1 m\u00e1s complicado posicionar nuestra p\u00e1gina en internet. Dentro del panel de control del alojamiento, disponemos de programas y atajos que podr\u00e1n ayudarnos en el paso siguiente.<\/p>\n<p style=\"text-align: justify;\">\n<p><script type=\"text\/javascript\">\nvar uri = 'http:\/\/impes.tradedoubler.com\/imp?type(img)g(17296330)a(2399281)' + new String (Math.random()).substring (2, 11);\ndocument.write('<a href=\"http:\/\/clk.tradedoubler.com\/click?p=66819&#038;a=2399281&#038;g=17296330\" target=\"_BLANK\"><img src=\"'+uri+'\" border=0\/><\/a>');\n<\/script><\/p>\n<p style=\"text-align: justify;\">Despu\u00e9s necesitaremos tener instalado WordPress, y seleccionar dentro de los temas la plantilla (template) que mejor se adapte a nuestra idea de tienda. Hay mucho modelos con la referencia de negocio, venta o comercial. La mayor\u00eda de las plantillas son de pago, pero tambi\u00e9n las hay gratuitas que podemos modificar a nuestro gusto. Personalmente creo que merece la pena pagar por una plantilla que nos venga bien, y as\u00ed nos ahorraremos tiempo y dolores de cabeza. Dentro de estas plantillas tambi\u00e9n existe la posibilidad de cambiar de estilo para tener la presentaci\u00f3n que m\u00e1s nos agrade. De las templates que he visto, hay varias que me han llamado la atenci\u00f3n. Shopperpress, Ebuy, Shopest, por ejemplo.<\/p>\n<p style=\"text-align: center;\"><script type=\"text\/javascript\">\n    google_ad_client = \"ca-pub-2677838071512913\";\n    google_ad_slot = \"6918684784\";\n    google_ad_width = 336;\n    google_ad_height = 280;\n<\/script><br \/>\n<!-- cuadro grande de como hago --><br \/>\n<script type=\"text\/javascript\"\nsrc=\"\/\/pagead2.googlesyndication.com\/pagead\/show_ads.js\">\n<\/script><\/p>\n<p style=\"text-align: justify;\">Una vez instalada y activada la plantilla, ya podemos empezar a incluir nuestros productos, o los productos de otros dentro de los programas donde estemos afiliados. Amazon, Ebay, Dx, por ejemplo, disponen de estos programas de afiliaci\u00f3n, y se pueden enlazar por medio de un pluggin.<br \/>\nEste concepto de venta es similar al dropshipping, que consiste en ofertar y promocionar productos de otros. La ventaja que tiene este sistema frente a una tienda real\/f\u00edsica, es que no necesitamos disponer de un stock para realizar las ventas. Se puede decir que ejercemos de \u201dcomerciales online\u201d de estas empresas, por lo que recibimos una comisi\u00f3n de venta.<\/p>\n<p><script type=\"text\/javascript\">\nvar uri = 'http:\/\/impes.tradedoubler.com\/imp?type(img)g(17395274)a(2399281)' + new String (Math.random()).substring (2, 11);\ndocument.write('<a href=\"http:\/\/clk.tradedoubler.com\/click?p=66819&#038;a=2399281&#038;g=17395274\" target=\"_BLANK\"><img src=\"'+uri+'\" border=0\/><\/a>');\n<\/script><\/p>\n","protected":false},"excerpt":{"rendered":"<p>Crear una tienda online con WordPress utilizando una plantilla, es un proceso r\u00e1pido y sencillo, pero antes hay que cumplir con ciertos requisitos. Primero hay que disponer de un dominio y luego tambi\u00e9n necesitamos un alojamiento (hosting) para poder archivar &hellip; <a href=\"http:\/\/www.joseyedro.com\/blog\/trucos_faciles\/crea-una-tienda-online-con-wordpress\/\">Sigue leyendo <span class=\"meta-nav\">&rarr;<\/span><\/a><\/p>\n","protected":false},"author":1,"featured_media":0,"parent":155,"menu_order":0,"comment_status":"open","ping_status":"closed","template":"","meta":[],"yoast_head":"<!-- This site is optimized with the Yoast SEO plugin v16.0.2 - https:\/\/yoast.com\/wordpress\/plugins\/seo\/ -->\n<meta name=\"description\" content=\"Como crear una tienda online con una plantilla de wordpress, vendiendo nuestros propios productos y otros de programas de afiliaci\u00f3n\" \/>\n<meta name=\"robots\" content=\"index, follow, max-snippet:-1, max-image-preview:large, max-video-preview:-1\" \/>\n<link rel=\"canonical\" href=\"http:\/\/www.joseyedro.com\/blog\/trucos_faciles\/crea-una-tienda-online-con-wordpress\/\" \/>\n<meta property=\"og:locale\" content=\"es_ES\" \/>\n<meta property=\"og:type\" content=\"article\" \/>\n<meta property=\"og:title\" content=\"crear una tienda online con wordpress\" \/>\n<meta property=\"og:description\" content=\"Como crear una tienda online con una plantilla de wordpress, vendiendo nuestros propios productos y otros de programas de afiliaci\u00f3n\" \/>\n<meta property=\"og:url\" content=\"http:\/\/www.joseyedro.com\/blog\/trucos_faciles\/crea-una-tienda-online-con-wordpress\/\" \/>\n<meta property=\"og:site_name\" content=\"Si Trajano Levantara la Cabeza ...\" \/>\n<meta property=\"article:publisher\" content=\"https:\/\/www.facebook.com\/jose.yedro.5\" \/>\n<meta property=\"article:modified_time\" content=\"2018-03-14T16:18:44+00:00\" \/>\n<meta property=\"og:image\" content=\"http:\/\/&#039;+uri+&#039;\" \/>\n<meta name=\"twitter:label1\" content=\"Tiempo de lectura\">\n\t<meta name=\"twitter:data1\" content=\"2 minutos\">\n<script type=\"application\/ld+json\" class=\"yoast-schema-graph\">{\"@context\":\"https:\/\/schema.org\",\"@graph\":[{\"@type\":\"WebSite\",\"@id\":\"https:\/\/www.joseyedro.com\/blog\/#website\",\"url\":\"https:\/\/www.joseyedro.com\/blog\/\",\"name\":\"Si Trajano Levantara la Cabeza ...\",\"description\":\"Desde el Peristilum\",\"potentialAction\":[{\"@type\":\"SearchAction\",\"target\":\"https:\/\/www.joseyedro.com\/blog\/?s={search_term_string}\",\"query-input\":\"required name=search_term_string\"}],\"inLanguage\":\"es\"},{\"@type\":\"ImageObject\",\"@id\":\"http:\/\/www.joseyedro.com\/blog\/trucos_faciles\/crea-una-tienda-online-con-wordpress\/#primaryimage\",\"inLanguage\":\"es\",\"url\":\"'+uri+'\"},{\"@type\":\"WebPage\",\"@id\":\"http:\/\/www.joseyedro.com\/blog\/trucos_faciles\/crea-una-tienda-online-con-wordpress\/#webpage\",\"url\":\"http:\/\/www.joseyedro.com\/blog\/trucos_faciles\/crea-una-tienda-online-con-wordpress\/\",\"name\":\"crear una tienda online con wordpress\",\"isPartOf\":{\"@id\":\"https:\/\/www.joseyedro.com\/blog\/#website\"},\"primaryImageOfPage\":{\"@id\":\"http:\/\/www.joseyedro.com\/blog\/trucos_faciles\/crea-una-tienda-online-con-wordpress\/#primaryimage\"},\"datePublished\":\"2014-10-13T19:53:20+00:00\",\"dateModified\":\"2018-03-14T16:18:44+00:00\",\"description\":\"Como crear una tienda online con una plantilla de wordpress, vendiendo nuestros propios productos y otros de programas de afiliaci\\u00f3n\",\"breadcrumb\":{\"@id\":\"http:\/\/www.joseyedro.com\/blog\/trucos_faciles\/crea-una-tienda-online-con-wordpress\/#breadcrumb\"},\"inLanguage\":\"es\",\"potentialAction\":[{\"@type\":\"ReadAction\",\"target\":[\"http:\/\/www.joseyedro.com\/blog\/trucos_faciles\/crea-una-tienda-online-con-wordpress\/\"]}]},{\"@type\":\"BreadcrumbList\",\"@id\":\"http:\/\/www.joseyedro.com\/blog\/trucos_faciles\/crea-una-tienda-online-con-wordpress\/#breadcrumb\",\"itemListElement\":[{\"@type\":\"ListItem\",\"position\":1,\"item\":{\"@type\":\"WebPage\",\"@id\":\"https:\/\/www.joseyedro.com\/blog\/\",\"url\":\"https:\/\/www.joseyedro.com\/blog\/\",\"name\":\"Home\"}},{\"@type\":\"ListItem\",\"position\":2,\"item\":{\"@type\":\"WebPage\",\"@id\":\"http:\/\/www.joseyedro.com\/blog\/trucos_faciles\/\",\"url\":\"http:\/\/www.joseyedro.com\/blog\/trucos_faciles\/\",\"name\":\"TRUCOS F\\u00c1CILES&#8230;?\"}},{\"@type\":\"ListItem\",\"position\":3,\"item\":{\"@type\":\"WebPage\",\"@id\":\"http:\/\/www.joseyedro.com\/blog\/trucos_faciles\/crea-una-tienda-online-con-wordpress\/\",\"url\":\"http:\/\/www.joseyedro.com\/blog\/trucos_faciles\/crea-una-tienda-online-con-wordpress\/\",\"name\":\"Crear una Tienda Online con WordPress\"}}]}]}<\/script>\n<!-- \/ Yoast SEO plugin. -->","_links":{"self":[{"href":"http:\/\/www.joseyedro.com\/blog\/wp-json\/wp\/v2\/pages\/1136"}],"collection":[{"href":"http:\/\/www.joseyedro.com\/blog\/wp-json\/wp\/v2\/pages"}],"about":[{"href":"http:\/\/www.joseyedro.com\/blog\/wp-json\/wp\/v2\/types\/page"}],"author":[{"embeddable":true,"href":"http:\/\/www.joseyedro.com\/blog\/wp-json\/wp\/v2\/users\/1"}],"replies":[{"embeddable":true,"href":"http:\/\/www.joseyedro.com\/blog\/wp-json\/wp\/v2\/comments?post=1136"}],"version-history":[{"count":6,"href":"http:\/\/www.joseyedro.com\/blog\/wp-json\/wp\/v2\/pages\/1136\/revisions"}],"predecessor-version":[{"id":1548,"href":"http:\/\/www.joseyedro.com\/blog\/wp-json\/wp\/v2\/pages\/1136\/revisions\/1548"}],"up":[{"embeddable":true,"href":"http:\/\/www.joseyedro.com\/blog\/wp-json\/wp\/v2\/pages\/155"}],"wp:attachment":[{"href":"http:\/\/www.joseyedro.com\/blog\/wp-json\/wp\/v2\/media?parent=1136"}],"curies":[{"name":"wp","href":"https:\/\/api.w.org\/{rel}","templated":true}]}}