{"id":1336,"date":"2015-01-08T22:58:26","date_gmt":"2015-01-08T21:58:26","guid":{"rendered":"http:\/\/www.joseyedro.com\/blog\/?page_id=1336"},"modified":"2015-09-09T20:33:29","modified_gmt":"2015-09-09T19:33:29","slug":"juegos-de-azar","status":"publish","type":"page","link":"http:\/\/www.joseyedro.com\/blog\/juegos-de-azar\/","title":{"rendered":"JUEGOS DE AZAR"},"content":{"rendered":"<table>\n<p style=\"text-align: center;\">\n<td>\n<\/td>\n<td>\n<\/td>\n<\/p>\n<\/table>\n<table>\n<td>\n<script type=\"text\/javascript\">\nvar uri = 'http:\/\/impes.tradedoubler.com\/imp?type(img)g(21928982)a(2399281)' + new String (Math.random()).substring (2, 11);\ndocument.write('<a href=\"http:\/\/clk.tradedoubler.com\/click?p=220333&#038;a=2399281&#038;g=21928982\" target=\"_BLANK\"><img src=\"'+uri+'\" border=0\/><\/a>');\n<\/script>\n<\/td>\n<td>\n<script type=\"text\/javascript\">\nvar uri = 'http:\/\/impes.tradedoubler.com\/imp?type(img)g(22073006)a(2399281)' + new String (Math.random()).substring (2, 11);\ndocument.write('<a href=\"http:\/\/clk.tradedoubler.com\/click?p=220333&#038;a=2399281&#038;g=22073006\" target=\"_BLANK\"><img src=\"'+uri+'\" border=0\/><\/a>');\n<\/script>\n<\/td>\n<\/table>\n<p><\/p>\n<table>\n<td>\n<iframe allowtransparency=\"true\" src=\"http:\/\/ads.betfair.com\/ad.aspx?pid=77586&#038;bid=5926&#038;sref=subid&#038;subid=13197\" width=\"300\" height=\"250\" marginwidth=\"0\" marginheight=\"0\" hspace=\"0\" vspace=\"0\" frameborder=\"0\" scrolling=\"no\"><\/iframe>\n<\/td>\n<td>\n<a href=\"http:\/\/afiliapub.com\/affiliates\/scripts\/click.php?a_aid=13197&amp;a_bid=5743d072\" target=\"_blank\"><img loading=\"lazy\" src=\"http:\/\/afiliapub.com\/affiliates\/accounts\/default1\/banners\/5743d072.gif\" alt=\"\" title=\"\" width=\"300\" height=\"250\" \/><\/a>\n<\/td>\n<\/table>\n<p style=\"text-align: justify;\">D\u00f3nde apostar en internet, y c\u00f3mo hacerlo y ganar dinero. Esa es la cuesti\u00f3n. Desde los<strong> Juegos Reunidos Geyper<\/strong> hasta las \u00faltimas tendencias sobre p\u00e1ginas de apuestas on line, pasando por los Bingos familiares a pi\u00e9 de brasero o chimenea.<\/p>\n<p style=\"text-align: center;\">\n<script type=\"text\/javascript\">\n    google_ad_client = \"ca-pub-2677838071512913\";\n    google_ad_slot = \"5270167989\";\n    google_ad_width = 300;\n    google_ad_height = 300;\n<\/script><br \/>\n<!-- banner apuestas --><br \/>\n<script type=\"text\/javascript\"\nsrc=\"\/\/pagead2.googlesyndication.com\/pagead\/show_ads.js\">\n<\/script><\/p>\n<p style=\"text-align: justify;\">Hay muchas opciones para apostar on line, y los incentivos para hacerlo son muy variados. En <strong>William Hill<\/strong> las condiciones iniciales son ventajosas frente a otras en cuesti\u00f3n de apuestas deportivas, pero en otros aspectos como poker o ruletas, quiz\u00e1s sea conveniente otra elecci\u00f3n como <strong>888<\/strong>.<\/p>\n<p style=\"text-align: justify;\">\n<p style=\"text-align: justify;\">\n<p>&nbsp;<\/p>\n<p><!-- 888 ruleta --><\/p>\n<p style=\"text-align: center;\">\n<script type=\"text\/javascript\">document.write(\"<iframe name='banner' src='http:\/\/afiliapub.com\/affiliates\/scripts\/banner.php?a_aid=13197&#038;a_bid=a2c32db2&#038;w=1' framespacing='0' frameborder='no' scrolling='no' width='800' height='800' allowtransparency='true'><a href='http:\/\/afiliapub.com\/affiliates\/scripts\/click.php?a_aid=13197&amp;a_bid=a2c32db2' target='_top'>888CASINO SPAIN MAILER ROULETTE<\/a><\/iframe>\");\n<\/script><br \/>\n<noscript><\/p>\n<h2><a href=\"http:\/\/es.888casino.com\/?sr=1352230&#038;anid=13197\">888CASINO SPAIN MAILER ROULETTE<\/a><\/h2>\n<p><\/noscript><\/p>\n","protected":false},"excerpt":{"rendered":"<p>D\u00f3nde apostar en internet, y c\u00f3mo hacerlo y ganar dinero. Esa es la cuesti\u00f3n. Desde los Juegos Reunidos Geyper hasta las \u00faltimas tendencias sobre p\u00e1ginas de apuestas on line, pasando por los Bingos familiares a pi\u00e9 de brasero o chimenea. &hellip; <a href=\"http:\/\/www.joseyedro.com\/blog\/juegos-de-azar\/\">Sigue leyendo <span class=\"meta-nav\">&rarr;<\/span><\/a><\/p>\n","protected":false},"author":1,"featured_media":0,"parent":0,"menu_order":0,"comment_status":"open","ping_status":"open","template":"","meta":[],"yoast_head":"<!-- This site is optimized with the Yoast SEO plugin v16.0.2 - https:\/\/yoast.com\/wordpress\/plugins\/seo\/ -->\n<meta name=\"description\" content=\"P\u00e1ginas de registro de casas de apuestas. Apuestas deportivas, poker y ruleta.\" \/>\n<meta name=\"robots\" content=\"index, follow, max-snippet:-1, max-image-preview:large, max-video-preview:-1\" \/>\n<link rel=\"canonical\" href=\"http:\/\/www.joseyedro.com\/blog\/juegos-de-azar\/\" \/>\n<meta property=\"og:locale\" content=\"es_ES\" \/>\n<meta property=\"og:type\" content=\"article\" \/>\n<meta property=\"og:title\" content=\"Juegos de azar - D\u00f3nde apostar en internet\" \/>\n<meta property=\"og:description\" content=\"P\u00e1ginas de registro de casas de apuestas. Apuestas deportivas, poker y ruleta.\" \/>\n<meta property=\"og:url\" content=\"http:\/\/www.joseyedro.com\/blog\/juegos-de-azar\/\" \/>\n<meta property=\"og:site_name\" content=\"Si Trajano Levantara la Cabeza ...\" \/>\n<meta property=\"article:publisher\" content=\"https:\/\/www.facebook.com\/jose.yedro.5\" \/>\n<meta property=\"article:modified_time\" content=\"2015-09-09T19:33:29+00:00\" \/>\n<meta property=\"og:image\" content=\"http:\/\/&#039;+uri+&#039;\" \/>\n<script type=\"application\/ld+json\" class=\"yoast-schema-graph\">{\"@context\":\"https:\/\/schema.org\",\"@graph\":[{\"@type\":\"WebSite\",\"@id\":\"https:\/\/www.joseyedro.com\/blog\/#website\",\"url\":\"https:\/\/www.joseyedro.com\/blog\/\",\"name\":\"Si Trajano Levantara la Cabeza ...\",\"description\":\"Desde el Peristilum\",\"potentialAction\":[{\"@type\":\"SearchAction\",\"target\":\"https:\/\/www.joseyedro.com\/blog\/?s={search_term_string}\",\"query-input\":\"required name=search_term_string\"}],\"inLanguage\":\"es\"},{\"@type\":\"ImageObject\",\"@id\":\"http:\/\/www.joseyedro.com\/blog\/juegos-de-azar\/#primaryimage\",\"inLanguage\":\"es\",\"url\":\"'+uri+'\"},{\"@type\":\"WebPage\",\"@id\":\"http:\/\/www.joseyedro.com\/blog\/juegos-de-azar\/#webpage\",\"url\":\"http:\/\/www.joseyedro.com\/blog\/juegos-de-azar\/\",\"name\":\"Juegos de azar - D\\u00f3nde apostar en internet\",\"isPartOf\":{\"@id\":\"https:\/\/www.joseyedro.com\/blog\/#website\"},\"primaryImageOfPage\":{\"@id\":\"http:\/\/www.joseyedro.com\/blog\/juegos-de-azar\/#primaryimage\"},\"datePublished\":\"2015-01-08T21:58:26+00:00\",\"dateModified\":\"2015-09-09T19:33:29+00:00\",\"description\":\"P\\u00e1ginas de registro de casas de apuestas. Apuestas deportivas, poker y ruleta.\",\"breadcrumb\":{\"@id\":\"http:\/\/www.joseyedro.com\/blog\/juegos-de-azar\/#breadcrumb\"},\"inLanguage\":\"es\",\"potentialAction\":[{\"@type\":\"ReadAction\",\"target\":[\"http:\/\/www.joseyedro.com\/blog\/juegos-de-azar\/\"]}]},{\"@type\":\"BreadcrumbList\",\"@id\":\"http:\/\/www.joseyedro.com\/blog\/juegos-de-azar\/#breadcrumb\",\"itemListElement\":[{\"@type\":\"ListItem\",\"position\":1,\"item\":{\"@type\":\"WebPage\",\"@id\":\"https:\/\/www.joseyedro.com\/blog\/\",\"url\":\"https:\/\/www.joseyedro.com\/blog\/\",\"name\":\"Home\"}},{\"@type\":\"ListItem\",\"position\":2,\"item\":{\"@type\":\"WebPage\",\"@id\":\"http:\/\/www.joseyedro.com\/blog\/juegos-de-azar\/\",\"url\":\"http:\/\/www.joseyedro.com\/blog\/juegos-de-azar\/\",\"name\":\"JUEGOS DE AZAR\"}}]}]}<\/script>\n<!-- \/ Yoast SEO plugin. -->","_links":{"self":[{"href":"http:\/\/www.joseyedro.com\/blog\/wp-json\/wp\/v2\/pages\/1336"}],"collection":[{"href":"http:\/\/www.joseyedro.com\/blog\/wp-json\/wp\/v2\/pages"}],"about":[{"href":"http:\/\/www.joseyedro.com\/blog\/wp-json\/wp\/v2\/types\/page"}],"author":[{"embeddable":true,"href":"http:\/\/www.joseyedro.com\/blog\/wp-json\/wp\/v2\/users\/1"}],"replies":[{"embeddable":true,"href":"http:\/\/www.joseyedro.com\/blog\/wp-json\/wp\/v2\/comments?post=1336"}],"version-history":[{"count":12,"href":"http:\/\/www.joseyedro.com\/blog\/wp-json\/wp\/v2\/pages\/1336\/revisions"}],"predecessor-version":[{"id":1767,"href":"http:\/\/www.joseyedro.com\/blog\/wp-json\/wp\/v2\/pages\/1336\/revisions\/1767"}],"wp:attachment":[{"href":"http:\/\/www.joseyedro.com\/blog\/wp-json\/wp\/v2\/media?parent=1336"}],"curies":[{"name":"wp","href":"https:\/\/api.w.org\/{rel}","templated":true}]}}