{"id":1444,"date":"2015-02-10T10:00:46","date_gmt":"2015-02-10T09:00:46","guid":{"rendered":"http:\/\/www.joseyedro.com\/blog\/?page_id=1444"},"modified":"2015-09-09T20:27:20","modified_gmt":"2015-09-09T19:27:20","slug":"de-compras","status":"publish","type":"page","link":"http:\/\/www.joseyedro.com\/blog\/de-compras\/","title":{"rendered":"DE COMPRAS&#8230;"},"content":{"rendered":"<p>De compras por las tiendas online m\u00e1s visitadas.<br \/>\n<!-- TEXTO ENLAZADO ADSENSE DE COMPRAS --><\/p>\n<p style=\"text-align: center;\">\n<script type=\"text\/javascript\">\n    google_ad_client = \"ca-pub-2677838071512913\";\n    google_ad_slot = \"7136313184\";\n    google_ad_width = 468;\n    google_ad_height = 15;\n<\/script><br \/>\n<!-- PARA DE COMPRAS... --><br \/>\n<script type=\"text\/javascript\"\nsrc=\"\/\/pagead2.googlesyndication.com\/pagead\/show_ads.js\">\n<\/script><br \/>\n<!--primera fila --><\/p>\n<table>\n<td>\n<p style=\"text-align: center;\">\n<!-- AMAZON gen\u00e9rico --><br \/>\n<iframe src=\"http:\/\/rcm-eu.amazon-adsystem.com\/e\/cm?t=wwwjoseyedroc-21&#038;o=30&#038;p=42&#038;l=ur1&#038;category=todoslosproductos&#038;banner=1QCJTQDHG2PANA2KEHR2&#038;f=ifr\" width=\"234\" height=\"60\" scrolling=\"no\" border=\"0\" marginwidth=\"0\" style=\"border:none;\" frameborder=\"0\"><\/iframe>\n<\/p>\n<p style=\"text-align: justify;\">\nLineas de productos de m\u00fasica, DVD, CD, software, videojuegos, electr\u00f3nica, ropa, muebles, comida, libros, kindle, de las m\u00e1s prestigiosas marcas, con hasta -70% respecto al precio de venta recomendado.\n<\/p>\n<\/td>\n<td>\n<p style=\"text-align: center;\">\n<!-- AMAZON VIP gen\u00e9rico --><br \/>\n<iframe src=\"http:\/\/rcm-eu.amazon-adsystem.com\/e\/cm?t=wwwjoseyedroc-21&#038;o=30&#038;p=42&#038;l=ur1&#038;category=buyvip&#038;banner=04YQHNGW4PTS5AYET602&#038;m=buyvip&#038;f=ifr\" width=\"234\" height=\"60\" scrolling=\"no\" border=\"0\" marginwidth=\"0\" style=\"border:none;\" frameborder=\"0\"><\/iframe>\n<\/p>\n<p style=\"text-align: justify;\">\nProductos de las mejores marcas de moda y estilo de vida, con unos precios incre\u00edbles durante un periodo de tiempo limitado. Ventas privadas de moda, accesorios, hogar, deporte, belleza y electr\u00f3nica de las mejores y m\u00e1s prestigiosas marcas, con hasta -70% respecto al precio de venta recomendado.\n<\/p>\n<\/td>\n<\/table>\n<p><!--segunda fila --><\/p>\n<table>\n<td>\n<p style=\"text-align: center;\">\n<!-- COMIENZO del c\u00f3digo HTML de zanox-affiliate GROUPON --><br \/>\n<!-- ( El c\u00f3digo HTML no debe cambiarse en pro de una funcionalidad correcta. ) --><\/p>\n<p style=\"text-align: justify;\">\nprecios inmejorables.<\/p>\n<\/td>\n<td>\n<p style=\"text-align: center;\">\n<!-- COMIENZO del c\u00f3digo HTML de zanox-affiliate ALIEXPRESS --><br \/>\n<!-- ( El c\u00f3digo HTML no debe cambiarse en pro de una funcionalidad correcta. ) --><br \/>\n<a href=\"http:\/\/ad.zanox.com\/ppc\/?30341946C224890606T\"><img loading=\"lazy\" src=\"http:\/\/ad.zanox.com\/ppv\/?30341946C224890606\" align=\"bottom\" width=\"120\" height=\"60\" border=\"0\" hspace=\"1\" alt=\"AliExpress Group comes to Spain Image Banner 120 x 60\"\/><\/a><br \/>\n<!--FIN del c\u00f3digo HTML de zanox-affiliate -->\n<\/p>\n<p style=\"text-align: justify;\">\nM\u00e1s de 100 millones de productos en varias categor\u00edas: electr\u00f3nica, moda, muebles y decoraci\u00f3n, art\u00edculos para ni\u00f1os y beb\u00e9s y mucho m\u00e1s. Descuentos y promociones con promoci\u00f3n del d\u00eda que cambia cada 24 horas. Productos en extremadamente baratos.\n<\/p>\n<\/td>\n<\/table>\n<p><!--tercera fila --><\/p>\n<table>\n<td>\n<!-- FNAC --><\/p>\n<p style=\"text-align: center;\">\n<script type=\"text\/javascript\">\nvar uri = 'http:\/\/impes.tradedoubler.com\/imp?type(img)g(21411270)a(2399281)' + new String (Math.random()).substring (2, 11);\ndocument.write('<a href=\"http:\/\/clk.tradedoubler.com\/click?p=70431&#038;a=2399281&#038;g=21411270\" target=\"_BLANK\"><img src=\"'+uri+'\" border=0\/><\/a>');\n<\/script>\n<\/p>\n<p style=\"text-align: justify;\">\nProductos tecnol\u00f3gicos y culturales. Comercio y cultura. Literatura, m\u00fasica, imagen, sonido y nuevas tecnolog\u00edas.\n<\/p>\n<\/td>\n<td>\n<!-- GROUPALIA --><\/p>\n<p style=\"text-align: center;\">\n<script type=\"text\/javascript\">\nvar uri = 'http:\/\/impes.tradedoubler.com\/imp?type(img)g(21454648)a(2399281)' + new String (Math.random()).substring (2, 11);\ndocument.write('<a href=\"http:\/\/clk.tradedoubler.com\/click?p=241330&#038;a=2399281&#038;g=21454648\" target=\"_BLANK\"><img src=\"'+uri+'\" border=0\/><\/a>');\n<\/script>\n<\/p>\n<p style=\"text-align: justify;\">\nCompra de ocio con descuentos de hasta el 90%. Restaurantes, Salud y Belleza, Electr\u00f3nica, Viajes, Productos Exclusivos, Eventos y mucho m\u00e1s.\n<\/p>\n<\/td>\n<\/table>\n<p><!--cuarta fila --><\/p>\n<table>\n<td>\n<p style=\"text-align: center;\">\n<a href=\"http:\/\/clk.tradedoubler.com\/click?p(240233)a(2399281)g(21475032)\" title=\"TRIAVIP\" target=\"_blank\">TRIAVIP<\/a><img src=\"http:\/\/impes.tradedoubler.com\/imp?type(inv)g(21475032)a(2399281)\" \/>\n<\/p>\n<p style=\"text-align: justify;\">\nOfertas de deporte. Ciclismo, Running, Triatl\u00f3n, Nataci\u00f3n y Nutrici\u00f3n Deportiva.\n<\/p>\n<\/td>\n<td>\n<!-- TELEPIZZA --><\/p>\n<p style=\"text-align: center;\">\n<script type=\"text\/javascript\">\nvar uri = 'http:\/\/impes.tradedoubler.com\/imp?type(img)g(18096452)a(2399281)' + new String (Math.random()).substring (2, 11);\ndocument.write('<a href=\"http:\/\/clk.tradedoubler.com\/click?p=113997&#038;a=2399281&#038;g=18096452\" target=\"_BLANK\"><img src=\"'+uri+'\" border=0\/><\/a>');\n<\/script>\n<\/p>\n<p style=\"text-align: justify;\">\nPizza reci\u00e9n hecha y actualmente hemos ampliado nuestra oferta de producto con pasta y hamburguesas.\n<\/p>\n<\/td>\n<\/table>\n<p><!--quinta fila --><\/p>\n<table>\n<td>\n<p style=\"text-align: center;\">\n<!-- DEAL SPAIN ELECTRONICA --><br \/>\n<script type=\"text\/javascript\">\nvar uri = 'http:\/\/impes.tradedoubler.com\/imp?type(img)g(22025558)a(2399281)' + new String (Math.random()).substring (2, 11);\ndocument.write('<a href=\"http:\/\/clk.tradedoubler.com\/click?p=244071&#038;a=2399281&#038;g=22025558\" target=\"_BLANK\"><img src=\"'+uri+'\" border=0\/><\/a>');\n<\/script>\n<\/p>\n<p style=\"text-align: justify;\">\nSector con un amplio listado de videojuegos, electr\u00f3nica, inform\u00e1tica y Gaming\n<\/p>\n<\/td>\n<td>\n<p style=\"text-align: center;\">\n<!-- EMP Rock --><br \/>\n<script type=\"text\/javascript\">\nvar uri = 'http:\/\/impes.tradedoubler.com\/imp?type(img)g(21553358)a(2399281)' + new String (Math.random()).substring (2, 11);\ndocument.write('<a href=\"http:\/\/clk.tradedoubler.com\/click?p=196448&#038;a=2399281&#038;g=21553358\" target=\"_BLANK\"><img src=\"'+uri+'\" border=0\/><\/a>');\n<\/script>\n<\/p>\n<p style=\"text-align: justify;\">\nCamisetas de grupos musicales y moda rock. ROPA DE VESTIR, CDS, DVDS, V\u00cdDEOS, P\u00d3STERS, ACCESORIOS , OCIO Y ESTILO DE VIDA\n<\/p>\n<\/td>\n<\/table>\n<p><!--sexta fila --><\/p>\n<table>\n<td>\n<p style=\"text-align: center;\">\n<!--VINO SELECCI\u00d3N  --><br \/>\n<script type=\"text\/javascript\">\nvar uri = 'http:\/\/impes.tradedoubler.com\/imp?type(img)g(22284030)a(2399281)' + new String (Math.random()).substring (2, 11);\ndocument.write('<a href=\"http:\/\/clk.tradedoubler.com\/click?p=53965&#038;a=2399281&#038;g=22284030\" target=\"_BLANK\"><img src=\"'+uri+'\" border=0\/><\/a>');\n<\/script>\n<\/p>\n<p style=\"text-align: justify;\">\nUn amplio equipo de en\u00f3logos se encarga de poner al alcance del socio vinos exclusivos, de edici\u00f3n limitada, grandes descubrimientos&#8230;\n<\/p>\n<\/td>\n<td>\n<p style=\"text-align: center;\">\n<!--  --><\/p>\n<p style=\"text-align: justify;\">\n<\/td>\n<\/table>\n","protected":false},"excerpt":{"rendered":"<p>De compras por las tiendas online m\u00e1s visitadas. Lineas de productos de m\u00fasica, DVD, CD, software, videojuegos, electr\u00f3nica, ropa, muebles, comida, libros, kindle, de las m\u00e1s prestigiosas marcas, con hasta -70% respecto al precio de venta recomendado. Productos de las &hellip; <a href=\"http:\/\/www.joseyedro.com\/blog\/de-compras\/\">Sigue leyendo <span class=\"meta-nav\">&rarr;<\/span><\/a><\/p>\n","protected":false},"author":1,"featured_media":0,"parent":0,"menu_order":0,"comment_status":"open","ping_status":"open","template":"","meta":[],"yoast_head":"<!-- This site is optimized with the Yoast SEO plugin v16.0.2 - https:\/\/yoast.com\/wordpress\/plugins\/seo\/ -->\n<meta name=\"description\" content=\"tiendas online, ropa, art\u00edculos electr\u00f3nicos, calzado, bonos descuento, viajes baratos, cursos, zapatos, abrigos, gafas, instrumentos musicales\" \/>\n<meta name=\"robots\" content=\"index, follow, max-snippet:-1, max-image-preview:large, max-video-preview:-1\" \/>\n<link rel=\"canonical\" href=\"http:\/\/www.joseyedro.com\/blog\/de-compras\/\" \/>\n<meta property=\"og:locale\" content=\"es_ES\" \/>\n<meta property=\"og:type\" content=\"article\" \/>\n<meta property=\"og:title\" content=\"Tiendas Online\" \/>\n<meta property=\"og:description\" content=\"tiendas online, ropa, art\u00edculos electr\u00f3nicos, calzado, bonos descuento, viajes baratos, cursos, zapatos, abrigos, gafas, instrumentos musicales\" \/>\n<meta property=\"og:url\" content=\"http:\/\/www.joseyedro.com\/blog\/de-compras\/\" \/>\n<meta property=\"og:site_name\" content=\"Si Trajano Levantara la Cabeza ...\" \/>\n<meta property=\"article:publisher\" content=\"https:\/\/www.facebook.com\/jose.yedro.5\" \/>\n<meta property=\"article:modified_time\" content=\"2015-09-09T19:27:20+00:00\" \/>\n<meta property=\"og:image\" content=\"http:\/\/ad.zanox.com\/ppv\/?30341946C224890606\" \/>\n<meta name=\"twitter:label1\" content=\"Tiempo de lectura\">\n\t<meta name=\"twitter:data1\" content=\"1 minuto\">\n<script type=\"application\/ld+json\" class=\"yoast-schema-graph\">{\"@context\":\"https:\/\/schema.org\",\"@graph\":[{\"@type\":\"WebSite\",\"@id\":\"https:\/\/www.joseyedro.com\/blog\/#website\",\"url\":\"https:\/\/www.joseyedro.com\/blog\/\",\"name\":\"Si Trajano Levantara la Cabeza ...\",\"description\":\"Desde el Peristilum\",\"potentialAction\":[{\"@type\":\"SearchAction\",\"target\":\"https:\/\/www.joseyedro.com\/blog\/?s={search_term_string}\",\"query-input\":\"required name=search_term_string\"}],\"inLanguage\":\"es\"},{\"@type\":\"ImageObject\",\"@id\":\"http:\/\/www.joseyedro.com\/blog\/de-compras\/#primaryimage\",\"inLanguage\":\"es\",\"url\":\"http:\/\/ad.zanox.com\/ppv\/?30341946C224890606\"},{\"@type\":\"WebPage\",\"@id\":\"http:\/\/www.joseyedro.com\/blog\/de-compras\/#webpage\",\"url\":\"http:\/\/www.joseyedro.com\/blog\/de-compras\/\",\"name\":\"Tiendas Online\",\"isPartOf\":{\"@id\":\"https:\/\/www.joseyedro.com\/blog\/#website\"},\"primaryImageOfPage\":{\"@id\":\"http:\/\/www.joseyedro.com\/blog\/de-compras\/#primaryimage\"},\"datePublished\":\"2015-02-10T09:00:46+00:00\",\"dateModified\":\"2015-09-09T19:27:20+00:00\",\"description\":\"tiendas online, ropa, art\\u00edculos electr\\u00f3nicos, calzado, bonos descuento, viajes baratos, cursos, zapatos, abrigos, gafas, instrumentos musicales\",\"breadcrumb\":{\"@id\":\"http:\/\/www.joseyedro.com\/blog\/de-compras\/#breadcrumb\"},\"inLanguage\":\"es\",\"potentialAction\":[{\"@type\":\"ReadAction\",\"target\":[\"http:\/\/www.joseyedro.com\/blog\/de-compras\/\"]}]},{\"@type\":\"BreadcrumbList\",\"@id\":\"http:\/\/www.joseyedro.com\/blog\/de-compras\/#breadcrumb\",\"itemListElement\":[{\"@type\":\"ListItem\",\"position\":1,\"item\":{\"@type\":\"WebPage\",\"@id\":\"https:\/\/www.joseyedro.com\/blog\/\",\"url\":\"https:\/\/www.joseyedro.com\/blog\/\",\"name\":\"Home\"}},{\"@type\":\"ListItem\",\"position\":2,\"item\":{\"@type\":\"WebPage\",\"@id\":\"http:\/\/www.joseyedro.com\/blog\/de-compras\/\",\"url\":\"http:\/\/www.joseyedro.com\/blog\/de-compras\/\",\"name\":\"DE COMPRAS&#8230;\"}}]}]}<\/script>\n<!-- \/ Yoast SEO plugin. -->","_links":{"self":[{"href":"http:\/\/www.joseyedro.com\/blog\/wp-json\/wp\/v2\/pages\/1444"}],"collection":[{"href":"http:\/\/www.joseyedro.com\/blog\/wp-json\/wp\/v2\/pages"}],"about":[{"href":"http:\/\/www.joseyedro.com\/blog\/wp-json\/wp\/v2\/types\/page"}],"author":[{"embeddable":true,"href":"http:\/\/www.joseyedro.com\/blog\/wp-json\/wp\/v2\/users\/1"}],"replies":[{"embeddable":true,"href":"http:\/\/www.joseyedro.com\/blog\/wp-json\/wp\/v2\/comments?post=1444"}],"version-history":[{"count":28,"href":"http:\/\/www.joseyedro.com\/blog\/wp-json\/wp\/v2\/pages\/1444\/revisions"}],"predecessor-version":[{"id":1766,"href":"http:\/\/www.joseyedro.com\/blog\/wp-json\/wp\/v2\/pages\/1444\/revisions\/1766"}],"wp:attachment":[{"href":"http:\/\/www.joseyedro.com\/blog\/wp-json\/wp\/v2\/media?parent=1444"}],"curies":[{"name":"wp","href":"https:\/\/api.w.org\/{rel}","templated":true}]}}