{"id":1867,"date":"2015-09-22T20:39:59","date_gmt":"2015-09-22T19:39:59","guid":{"rendered":"http:\/\/www.trucosfaciles.com\/?p=1867"},"modified":"2018-03-14T17:50:15","modified_gmt":"2018-03-14T16:50:15","slug":"crear-foto-con-borde-suavizado","status":"publish","type":"page","link":"http:\/\/www.joseyedro.com\/blog\/trucos_faciles\/crear-foto-con-borde-suavizado\/","title":{"rendered":"Crear Foto con Borde Suavizado"},"content":{"rendered":"<p style=\"text-align: justify;\">Usando Adobe Photoshop CS4<\/p>\n<p style=\"text-align: justify;\">Creo una capa transparente de la medida que deseo<\/p>\n<p style=\"text-align: justify;\"><a href=\"http:\/\/www.joseyedro.com\/blog\/wp-content\/uploads\/2015\/09\/Capa-transparente.jpg\" target=\"_blank\"><img loading=\"lazy\" class=\"  aligncenter wp-image-1869 size-full\" src=\"http:\/\/www.joseyedro.com\/blog\/wp-content\/uploads\/2015\/09\/Capa-transparente.jpg\" alt=\"Capa transparente\" width=\"566\" height=\"371\" srcset=\"http:\/\/www.joseyedro.com\/blog\/wp-content\/uploads\/2015\/09\/Capa-transparente.jpg 566w, http:\/\/www.joseyedro.com\/blog\/wp-content\/uploads\/2015\/09\/Capa-transparente-300x197.jpg 300w\" sizes=\"(max-width: 566px) 100vw, 566px\" \/><\/a><\/p>\n<p style=\"text-align: justify;\">Elijo el motivo, y copio y pego en una capa nueva<\/p>\n<p style=\"text-align: justify;\"><a href=\"http:\/\/www.joseyedro.com\/blog\/wp-content\/uploads\/2015\/09\/Capa-nueva-con-motivo.jpg\" target=\"_blank\"><img loading=\"lazy\" class=\"  aligncenter wp-image-1870 size-full\" src=\"http:\/\/www.joseyedro.com\/blog\/wp-content\/uploads\/2015\/09\/Capa-nueva-con-motivo.jpg\" alt=\"Capa nueva con motivo\" width=\"524\" height=\"373\" srcset=\"http:\/\/www.joseyedro.com\/blog\/wp-content\/uploads\/2015\/09\/Capa-nueva-con-motivo.jpg 524w, http:\/\/www.joseyedro.com\/blog\/wp-content\/uploads\/2015\/09\/Capa-nueva-con-motivo-300x214.jpg 300w\" sizes=\"(max-width: 524px) 100vw, 524px\" \/><\/a><\/p>\n<p style=\"text-align: justify;\">Utilizando la herramienta Selecci\u00f3n Rectangular, en este caso.<\/p>\n<p style=\"text-align: justify;\"><a href=\"http:\/\/www.joseyedro.com\/blog\/wp-content\/uploads\/2015\/09\/Seleccion-y-desvanecimiento.jpg\" target=\"_blank\"><img loading=\"lazy\" class=\"  aligncenter wp-image-1871\" src=\"http:\/\/www.joseyedro.com\/blog\/wp-content\/uploads\/2015\/09\/Seleccion-y-desvanecimiento.jpg\" alt=\"Seleccion y desvanecimiento\" width=\"173\" height=\"173\" \/><\/a><\/p>\n<p style=\"text-align: justify;\">O en el men\u00fa, Selecci\u00f3n \u2013 Todo.<\/p>\n<p style=\"text-align: justify;\">Selecciono toda la imagen para luego copiarla como nueva capa.<\/p>\n<p style=\"text-align: justify;\">Previamente tengo que marcar el valor de desvanecimiento que deseo. En este caso utilizo 4px.<\/p>\n<p style=\"text-align: justify;\">Una vez pegada como nueva capa, y deseleccionada la capa que contiene la foto original, el resultado es:<\/p>\n<p style=\"text-align: justify;\"><a href=\"http:\/\/www.joseyedro.com\/blog\/wp-content\/uploads\/2015\/09\/Capa-con-motivo-y-borde-desvanecido-e1442954512851.jpg\" target=\"_blank\"><img loading=\"lazy\" class=\"  aligncenter wp-image-1872 size-full\" src=\"http:\/\/www.joseyedro.com\/blog\/wp-content\/uploads\/2015\/09\/Capa-con-motivo-y-borde-desvanecido-e1442954512851.jpg\" alt=\"Capa con motivo y borde desvanecido\" width=\"524\" height=\"366\" \/><\/a><\/p>\n<p style=\"text-align: justify;\">Y si relleno el fondo de color\u2026..<\/p>\n<p style=\"text-align: justify;\"><a href=\"http:\/\/www.joseyedro.com\/blog\/wp-content\/uploads\/2015\/09\/Capa-con-motivo-y-borde-desvanecido-con-color.jpg\" target=\"_blank\"><img loading=\"lazy\" class=\"aligncenter wp-image-1874 size-full\" src=\"http:\/\/www.joseyedro.com\/blog\/wp-content\/uploads\/2015\/09\/Capa-con-motivo-y-borde-desvanecido-con-color.jpg\" alt=\"Capa con motivo y borde desvanecido con color\" width=\"391\" height=\"389\" srcset=\"http:\/\/www.joseyedro.com\/blog\/wp-content\/uploads\/2015\/09\/Capa-con-motivo-y-borde-desvanecido-con-color.jpg 391w, http:\/\/www.joseyedro.com\/blog\/wp-content\/uploads\/2015\/09\/Capa-con-motivo-y-borde-desvanecido-con-color-150x150.jpg 150w, http:\/\/www.joseyedro.com\/blog\/wp-content\/uploads\/2015\/09\/Capa-con-motivo-y-borde-desvanecido-con-color-300x298.jpg 300w\" sizes=\"(max-width: 391px) 100vw, 391px\" \/><\/a><\/p>\n<p style=\"text-align: justify;\">El mismo proceso se realiza si la m\u00e1scara de selecci\u00f3n es un c\u00edrculo, una elipse, o se ha realizado a mano alzada.<\/p>\n<p style=\"text-align: justify;\"><a href=\"http:\/\/www.joseyedro.com\/blog\/wp-content\/uploads\/2015\/09\/Capa-con-motivo-y-borde-desvanecido-irregular.jpg\" target=\"_blank\"><img loading=\"lazy\" class=\"aligncenter wp-image-1875 \" src=\"http:\/\/www.joseyedro.com\/blog\/wp-content\/uploads\/2015\/09\/Capa-con-motivo-y-borde-desvanecido-irregular.jpg\" alt=\"Capa con motivo y borde desvanecido irregular\" width=\"374\" height=\"734\" srcset=\"http:\/\/www.joseyedro.com\/blog\/wp-content\/uploads\/2015\/09\/Capa-con-motivo-y-borde-desvanecido-irregular.jpg 287w, http:\/\/www.joseyedro.com\/blog\/wp-content\/uploads\/2015\/09\/Capa-con-motivo-y-borde-desvanecido-irregular-153x300.jpg 153w\" sizes=\"(max-width: 374px) 100vw, 374px\" \/><\/a><\/p>\n","protected":false},"excerpt":{"rendered":"<p>Usando Adobe Photoshop CS4 Creo una capa transparente de la medida que deseo Elijo el motivo, y copio y pego en una capa nueva Utilizando la herramienta Selecci\u00f3n Rectangular, en este caso. O en el men\u00fa, Selecci\u00f3n \u2013 Todo. Selecciono &hellip; <a href=\"http:\/\/www.joseyedro.com\/blog\/trucos_faciles\/crear-foto-con-borde-suavizado\/\">Sigue leyendo <span class=\"meta-nav\">&rarr;<\/span><\/a><\/p>\n","protected":false},"author":3,"featured_media":1872,"parent":155,"menu_order":0,"comment_status":"open","ping_status":"closed","template":"","meta":[],"yoast_head":"<!-- This site is optimized with the Yoast SEO plugin v16.0.2 - https:\/\/yoast.com\/wordpress\/plugins\/seo\/ -->\n<meta name=\"description\" content=\"Retoque fotogr\u00e1fico para suavizar los bordes de una foto. Recorte personalizado y suavizado. Marco de foto. Truco para crear m\u00e1scara de recorte en CS4\" \/>\n<meta name=\"robots\" content=\"index, follow, max-snippet:-1, max-image-preview:large, max-video-preview:-1\" \/>\n<link rel=\"canonical\" href=\"https:\/\/www.joseyedro.com\/blog\/trucos_faciles\/crear-foto-con-borde-suavizado\/\" \/>\n<meta property=\"og:locale\" content=\"es_ES\" \/>\n<meta property=\"og:type\" content=\"article\" \/>\n<meta property=\"og:title\" content=\"Crear Foto con Borde Suavizado - Si Trajano Levantara la Cabeza ...\" \/>\n<meta property=\"og:description\" content=\"Retoque fotogr\u00e1fico para suavizar los bordes de una foto. Recorte personalizado y suavizado. Marco de foto. Truco para crear m\u00e1scara de recorte en CS4\" \/>\n<meta property=\"og:url\" content=\"https:\/\/www.joseyedro.com\/blog\/trucos_faciles\/crear-foto-con-borde-suavizado\/\" \/>\n<meta property=\"og:site_name\" content=\"Si Trajano Levantara la Cabeza ...\" \/>\n<meta property=\"article:publisher\" content=\"https:\/\/www.facebook.com\/jose.yedro.5\" \/>\n<meta property=\"article:modified_time\" content=\"2018-03-14T16:50:15+00:00\" \/>\n<meta property=\"og:image\" content=\"http:\/\/www.joseyedro.com\/blog\/wp-content\/uploads\/2015\/09\/Capa-con-motivo-y-borde-desvanecido-e1442954512851.jpg\" \/>\n\t<meta property=\"og:image:width\" content=\"100\" \/>\n\t<meta property=\"og:image:height\" content=\"70\" \/>\n<meta name=\"twitter:label1\" content=\"Tiempo de lectura\">\n\t<meta name=\"twitter:data1\" content=\"1 minuto\">\n<script type=\"application\/ld+json\" class=\"yoast-schema-graph\">{\"@context\":\"https:\/\/schema.org\",\"@graph\":[{\"@type\":\"WebSite\",\"@id\":\"https:\/\/www.joseyedro.com\/blog\/#website\",\"url\":\"https:\/\/www.joseyedro.com\/blog\/\",\"name\":\"Si Trajano Levantara la Cabeza ...\",\"description\":\"Desde el Peristilum\",\"potentialAction\":[{\"@type\":\"SearchAction\",\"target\":\"https:\/\/www.joseyedro.com\/blog\/?s={search_term_string}\",\"query-input\":\"required name=search_term_string\"}],\"inLanguage\":\"es\"},{\"@type\":\"ImageObject\",\"@id\":\"https:\/\/www.joseyedro.com\/blog\/trucos_faciles\/crear-foto-con-borde-suavizado\/#primaryimage\",\"inLanguage\":\"es\",\"url\":\"http:\/\/www.joseyedro.com\/blog\/wp-content\/uploads\/2015\/09\/Capa-con-motivo-y-borde-desvanecido-e1442954512851.jpg\",\"width\":100,\"height\":70},{\"@type\":\"WebPage\",\"@id\":\"https:\/\/www.joseyedro.com\/blog\/trucos_faciles\/crear-foto-con-borde-suavizado\/#webpage\",\"url\":\"https:\/\/www.joseyedro.com\/blog\/trucos_faciles\/crear-foto-con-borde-suavizado\/\",\"name\":\"Crear Foto con Borde Suavizado - Si Trajano Levantara la Cabeza ...\",\"isPartOf\":{\"@id\":\"https:\/\/www.joseyedro.com\/blog\/#website\"},\"primaryImageOfPage\":{\"@id\":\"https:\/\/www.joseyedro.com\/blog\/trucos_faciles\/crear-foto-con-borde-suavizado\/#primaryimage\"},\"datePublished\":\"2015-09-22T19:39:59+00:00\",\"dateModified\":\"2018-03-14T16:50:15+00:00\",\"description\":\"Retoque fotogr\\u00e1fico para suavizar los bordes de una foto. Recorte personalizado y suavizado. Marco de foto. Truco para crear m\\u00e1scara de recorte en CS4\",\"breadcrumb\":{\"@id\":\"https:\/\/www.joseyedro.com\/blog\/trucos_faciles\/crear-foto-con-borde-suavizado\/#breadcrumb\"},\"inLanguage\":\"es\",\"potentialAction\":[{\"@type\":\"ReadAction\",\"target\":[\"https:\/\/www.joseyedro.com\/blog\/trucos_faciles\/crear-foto-con-borde-suavizado\/\"]}]},{\"@type\":\"BreadcrumbList\",\"@id\":\"https:\/\/www.joseyedro.com\/blog\/trucos_faciles\/crear-foto-con-borde-suavizado\/#breadcrumb\",\"itemListElement\":[{\"@type\":\"ListItem\",\"position\":1,\"item\":{\"@type\":\"WebPage\",\"@id\":\"https:\/\/www.joseyedro.com\/blog\/\",\"url\":\"https:\/\/www.joseyedro.com\/blog\/\",\"name\":\"Home\"}},{\"@type\":\"ListItem\",\"position\":2,\"item\":{\"@type\":\"WebPage\",\"@id\":\"http:\/\/www.joseyedro.com\/blog\/trucos_faciles\/\",\"url\":\"http:\/\/www.joseyedro.com\/blog\/trucos_faciles\/\",\"name\":\"TRUCOS F\\u00c1CILES&#8230;?\"}},{\"@type\":\"ListItem\",\"position\":3,\"item\":{\"@type\":\"WebPage\",\"@id\":\"https:\/\/www.joseyedro.com\/blog\/trucos_faciles\/crear-foto-con-borde-suavizado\/\",\"url\":\"https:\/\/www.joseyedro.com\/blog\/trucos_faciles\/crear-foto-con-borde-suavizado\/\",\"name\":\"Crear Foto con Borde Suavizado\"}}]}]}<\/script>\n<!-- \/ Yoast SEO plugin. -->","_links":{"self":[{"href":"http:\/\/www.joseyedro.com\/blog\/wp-json\/wp\/v2\/pages\/1867"}],"collection":[{"href":"http:\/\/www.joseyedro.com\/blog\/wp-json\/wp\/v2\/pages"}],"about":[{"href":"http:\/\/www.joseyedro.com\/blog\/wp-json\/wp\/v2\/types\/page"}],"author":[{"embeddable":true,"href":"http:\/\/www.joseyedro.com\/blog\/wp-json\/wp\/v2\/users\/3"}],"replies":[{"embeddable":true,"href":"http:\/\/www.joseyedro.com\/blog\/wp-json\/wp\/v2\/comments?post=1867"}],"version-history":[{"count":1,"href":"http:\/\/www.joseyedro.com\/blog\/wp-json\/wp\/v2\/pages\/1867\/revisions"}],"predecessor-version":[{"id":1917,"href":"http:\/\/www.joseyedro.com\/blog\/wp-json\/wp\/v2\/pages\/1867\/revisions\/1917"}],"up":[{"embeddable":true,"href":"http:\/\/www.joseyedro.com\/blog\/wp-json\/wp\/v2\/pages\/155"}],"wp:featuredmedia":[{"embeddable":true,"href":"http:\/\/www.joseyedro.com\/blog\/wp-json\/wp\/v2\/media\/1872"}],"wp:attachment":[{"href":"http:\/\/www.joseyedro.com\/blog\/wp-json\/wp\/v2\/media?parent=1867"}],"curies":[{"name":"wp","href":"https:\/\/api.w.org\/{rel}","templated":true}]}}