{"id":1896,"date":"2015-01-20T00:06:56","date_gmt":"2015-01-19T23:06:56","guid":{"rendered":"http:\/\/www.joseyedro.com\/blog\/?page_id=1385"},"modified":"2018-03-14T17:50:01","modified_gmt":"2018-03-14T16:50:01","slug":"copia-de-seguridad-con-cpanel-2","status":"publish","type":"page","link":"http:\/\/www.joseyedro.com\/blog\/trucos_faciles\/copia-de-seguridad-con-cpanel-2\/","title":{"rendered":"Copia de Seguridad con CPanel"},"content":{"rendered":"<p><!-- adsense banner c\u00f3mo... --><script type=\"text\/javascript\">\/\/ < ![CDATA[\ngoogle_ad_client = \"ca-pub-2677838071512913\";\n    google_ad_slot = \"1284169984\";\n    google_ad_width = 486;\n    google_ad_height = 60;\n\/\/ ]]><\/script><!-- banner c\u00f3mo... --><script src=\"\/\/pagead2.googlesyndication.com\/pagead\/show_ads.js\" type=\"text\/javascript\">\/\/ < ![CDATA[\n\n\n\/\/ ]]><\/script>Tanto si queremos proteger nuestro contenido, como si necesitamos hacer una copia de seguridad para hacer un traslado de alojamiento, los pasos que yo he seguido son los que explico a continuaci\u00f3n.<\/p>\n<p>Una vez dentro de nuestro CPanel, al que accederemos desde dentro de nuestro proveedor de alojamiento, buscamos el apartado donde se administran los ficheros guardados. \u00a0Nuestra intenci\u00f3n es hacer una copia completa de nuestro contenido para poder volver a restaurarla en caso de necesidad.<\/p>\n<p><img loading=\"lazy\" class=\"aligncenter wp-image-1386 size-full\" src=\"http:\/\/www.joseyedro.com\/blog\/wp-content\/uploads\/2015\/01\/administrar-ficheros-CPanel.jpg\" alt=\"administrar ficheros CPanel\" width=\"565\" height=\"183\" srcset=\"http:\/\/www.joseyedro.com\/blog\/wp-content\/uploads\/2015\/01\/administrar-ficheros-CPanel.jpg 565w, http:\/\/www.joseyedro.com\/blog\/wp-content\/uploads\/2015\/01\/administrar-ficheros-CPanel-300x97.jpg 300w\" sizes=\"(max-width: 565px) 100vw, 565px\" \/><\/p>\n<p style=\"text-align: justify;\">Dentro del administrar ficheros, podemos encontrar dos formas de hacer la copia de seguridad.<\/p>\n<ul style=\"text-align: justify;\">\n<li>Copias de Seguridad<\/li>\n<li>Administrador de ficheros<\/li>\n<\/ul>\n<p style=\"text-align: justify;\">Con la primera opci\u00f3n obtendremos un fichero de gran tama\u00f1o (dependiendo del contenido de nuestra web) que se alojar\u00e1 en nuestro propio espacio.<\/p>\n<p style=\"text-align: justify;\"><img loading=\"lazy\" class=\"aligncenter wp-image-1387 size-full\" src=\"http:\/\/www.joseyedro.com\/blog\/wp-content\/uploads\/2015\/01\/generar-copia-administrar-ficheros-CPanel.jpg\" alt=\"generar copia administrar ficheros CPanel\" width=\"582\" height=\"478\" srcset=\"http:\/\/www.joseyedro.com\/blog\/wp-content\/uploads\/2015\/01\/generar-copia-administrar-ficheros-CPanel.jpg 582w, http:\/\/www.joseyedro.com\/blog\/wp-content\/uploads\/2015\/01\/generar-copia-administrar-ficheros-CPanel-300x246.jpg 300w\" sizes=\"(max-width: 582px) 100vw, 582px\" \/><\/p>\n<p style=\"text-align: justify;\">Se trata de un backup completo que despu\u00e9s podr\u00edamos copiar a nuestro disco, o a una unidad externa.<\/p>\n<p><!-- publicidad disco duro 2T amazon --><\/p>\n<p style=\"text-align: center;\"><iframe style=\"width: 120px; height: 240px;\" src=\"http:\/\/rcm-eu.amazon-adsystem.com\/e\/cm?t=wwwjoseyedroc-21&amp;o=30&amp;p=8&amp;l=as1&amp;asins=B0084LZI5Y&amp;ref=tf_til&amp;fc1=000000&amp;IS2=1&amp;lt1=_blank&amp;m=amazon&amp;lc1=0000FF&amp;bc1=000000&amp;bg1=FFFFFF&amp;f=ifr\" width=\"300\" height=\"150\" frameborder=\"0\" marginwidth=\"0\" marginheight=\"0\" scrolling=\"no\"><\/iframe><\/p>\n<p><a href=\"http:\/\/www.joseyedro.com\/blog\/wp-content\/uploads\/2015\/01\/backup-copia-administrar-ficheros-CPanel.jpg\"><img loading=\"lazy\" class=\"aligncenter size-full wp-image-1388\" src=\"http:\/\/www.joseyedro.com\/blog\/wp-content\/uploads\/2015\/01\/backup-copia-administrar-ficheros-CPanel.jpg\" alt=\"backup copia administrar ficheros CPanel\" width=\"579\" height=\"287\" srcset=\"http:\/\/www.joseyedro.com\/blog\/wp-content\/uploads\/2015\/01\/backup-copia-administrar-ficheros-CPanel.jpg 579w, http:\/\/www.joseyedro.com\/blog\/wp-content\/uploads\/2015\/01\/backup-copia-administrar-ficheros-CPanel-300x149.jpg 300w\" sizes=\"(max-width: 579px) 100vw, 579px\" \/><\/a><\/p>\n<p style=\"text-align: justify;\"><span style=\"color: #000000; font-family: Calibri;\">Con la segunda opci\u00f3n lo haremos por partes, es decir, primero el contenido, y luego la base de datos. Aparte de los datos contenidos en el correo de la web. En este apartado podemos ver tambi\u00e9n las opciones para hacer el proceso a la inversa (restaurar la copia de respaldo).<\/span><\/p>\n<p style=\"text-align: justify;\"><a href=\"http:\/\/www.joseyedro.com\/blog\/wp-content\/uploads\/2015\/01\/backup-parcial-con-CPanel.jpg\" target=\"_blank\"><img loading=\"lazy\" class=\"aligncenter wp-image-1389 size-full\" src=\"http:\/\/www.joseyedro.com\/blog\/wp-content\/uploads\/2015\/01\/backup-parcial-con-CPanel.jpg\" alt=\"backup parcial con CPanel\" width=\"570\" height=\"340\" srcset=\"http:\/\/www.joseyedro.com\/blog\/wp-content\/uploads\/2015\/01\/backup-parcial-con-CPanel.jpg 570w, http:\/\/www.joseyedro.com\/blog\/wp-content\/uploads\/2015\/01\/backup-parcial-con-CPanel-300x179.jpg 300w\" sizes=\"(max-width: 570px) 100vw, 570px\" \/><\/a><\/p>\n<p style=\"text-align: justify;\">Y volvemos a hacer lo mismo, copiar los ficheros en nuestro disco duro, o en una unidad externa siempre preparada para restaurar nuestra web.<\/p>\n<p style=\"text-align: justify;\">Personalmente realizo una copia de seguridad de mi contenido de <a title=\"blog gratuito\" href=\"https:\/\/es.wordpress.com\/\">WordPress <\/a>cada vez que publico, y una copia general\u00a0 cada quince d\u00edas. Bueno, eso depende de la cantidad de contenido que se genere mensualmente.<\/p>\n<p style=\"text-align: justify;\">\n","protected":false},"excerpt":{"rendered":"<p>Tanto si queremos proteger nuestro contenido, como si necesitamos hacer una copia de seguridad para hacer un traslado de alojamiento, los pasos que yo he seguido son los que explico a continuaci\u00f3n. Una vez dentro de nuestro CPanel, al que &hellip; <a href=\"http:\/\/www.joseyedro.com\/blog\/trucos_faciles\/copia-de-seguridad-con-cpanel-2\/\">Sigue leyendo <span class=\"meta-nav\">&rarr;<\/span><\/a><\/p>\n","protected":false},"author":1,"featured_media":0,"parent":155,"menu_order":0,"comment_status":"open","ping_status":"closed","template":"","meta":[],"yoast_head":"<!-- This site is optimized with the Yoast SEO plugin v16.0.2 - https:\/\/yoast.com\/wordpress\/plugins\/seo\/ -->\n<meta name=\"description\" content=\"C\u00f3mo realizar una copia de seguridad de tu p\u00e1gina web con Cpanel para poder restaurarla\" \/>\n<meta name=\"robots\" content=\"index, follow, max-snippet:-1, max-image-preview:large, max-video-preview:-1\" \/>\n<link rel=\"canonical\" href=\"https:\/\/www.joseyedro.com\/blog\/trucos_faciles\/copia-de-seguridad-con-cpanel-2\/\" \/>\n<meta property=\"og:locale\" content=\"es_ES\" \/>\n<meta property=\"og:type\" content=\"article\" \/>\n<meta property=\"og:title\" content=\"Copia de seguridad con cpanel\" \/>\n<meta property=\"og:description\" content=\"C\u00f3mo realizar una copia de seguridad de tu p\u00e1gina web con Cpanel para poder restaurarla\" \/>\n<meta property=\"og:url\" content=\"https:\/\/www.joseyedro.com\/blog\/trucos_faciles\/copia-de-seguridad-con-cpanel-2\/\" \/>\n<meta property=\"og:site_name\" content=\"Si Trajano Levantara la Cabeza ...\" \/>\n<meta property=\"article:publisher\" content=\"https:\/\/www.facebook.com\/jose.yedro.5\" \/>\n<meta property=\"article:modified_time\" content=\"2018-03-14T16:50:01+00:00\" \/>\n<meta property=\"og:image\" content=\"http:\/\/www.joseyedro.com\/blog\/wp-content\/uploads\/2015\/01\/administrar-ficheros-CPanel.jpg\" \/>\n<meta name=\"twitter:label1\" content=\"Tiempo de lectura\">\n\t<meta name=\"twitter:data1\" content=\"1 minuto\">\n<script type=\"application\/ld+json\" class=\"yoast-schema-graph\">{\"@context\":\"https:\/\/schema.org\",\"@graph\":[{\"@type\":\"WebSite\",\"@id\":\"https:\/\/www.joseyedro.com\/blog\/#website\",\"url\":\"https:\/\/www.joseyedro.com\/blog\/\",\"name\":\"Si Trajano Levantara la Cabeza ...\",\"description\":\"Desde el Peristilum\",\"potentialAction\":[{\"@type\":\"SearchAction\",\"target\":\"https:\/\/www.joseyedro.com\/blog\/?s={search_term_string}\",\"query-input\":\"required name=search_term_string\"}],\"inLanguage\":\"es\"},{\"@type\":\"ImageObject\",\"@id\":\"https:\/\/www.joseyedro.com\/blog\/trucos_faciles\/copia-de-seguridad-con-cpanel-2\/#primaryimage\",\"inLanguage\":\"es\",\"url\":\"http:\/\/www.joseyedro.com\/blog\/wp-content\/uploads\/2015\/01\/administrar-ficheros-CPanel.jpg\",\"width\":565,\"height\":183},{\"@type\":\"WebPage\",\"@id\":\"https:\/\/www.joseyedro.com\/blog\/trucos_faciles\/copia-de-seguridad-con-cpanel-2\/#webpage\",\"url\":\"https:\/\/www.joseyedro.com\/blog\/trucos_faciles\/copia-de-seguridad-con-cpanel-2\/\",\"name\":\"Copia de seguridad con cpanel\",\"isPartOf\":{\"@id\":\"https:\/\/www.joseyedro.com\/blog\/#website\"},\"primaryImageOfPage\":{\"@id\":\"https:\/\/www.joseyedro.com\/blog\/trucos_faciles\/copia-de-seguridad-con-cpanel-2\/#primaryimage\"},\"datePublished\":\"2015-01-19T23:06:56+00:00\",\"dateModified\":\"2018-03-14T16:50:01+00:00\",\"description\":\"C\\u00f3mo realizar una copia de seguridad de tu p\\u00e1gina web con Cpanel para poder restaurarla\",\"breadcrumb\":{\"@id\":\"https:\/\/www.joseyedro.com\/blog\/trucos_faciles\/copia-de-seguridad-con-cpanel-2\/#breadcrumb\"},\"inLanguage\":\"es\",\"potentialAction\":[{\"@type\":\"ReadAction\",\"target\":[\"https:\/\/www.joseyedro.com\/blog\/trucos_faciles\/copia-de-seguridad-con-cpanel-2\/\"]}]},{\"@type\":\"BreadcrumbList\",\"@id\":\"https:\/\/www.joseyedro.com\/blog\/trucos_faciles\/copia-de-seguridad-con-cpanel-2\/#breadcrumb\",\"itemListElement\":[{\"@type\":\"ListItem\",\"position\":1,\"item\":{\"@type\":\"WebPage\",\"@id\":\"https:\/\/www.joseyedro.com\/blog\/\",\"url\":\"https:\/\/www.joseyedro.com\/blog\/\",\"name\":\"Home\"}},{\"@type\":\"ListItem\",\"position\":2,\"item\":{\"@type\":\"WebPage\",\"@id\":\"http:\/\/www.joseyedro.com\/blog\/trucos_faciles\/\",\"url\":\"http:\/\/www.joseyedro.com\/blog\/trucos_faciles\/\",\"name\":\"TRUCOS F\\u00c1CILES&#8230;?\"}},{\"@type\":\"ListItem\",\"position\":3,\"item\":{\"@type\":\"WebPage\",\"@id\":\"https:\/\/www.joseyedro.com\/blog\/trucos_faciles\/copia-de-seguridad-con-cpanel-2\/\",\"url\":\"https:\/\/www.joseyedro.com\/blog\/trucos_faciles\/copia-de-seguridad-con-cpanel-2\/\",\"name\":\"Copia de Seguridad con CPanel\"}}]}]}<\/script>\n<!-- \/ Yoast SEO plugin. -->","_links":{"self":[{"href":"http:\/\/www.joseyedro.com\/blog\/wp-json\/wp\/v2\/pages\/1896"}],"collection":[{"href":"http:\/\/www.joseyedro.com\/blog\/wp-json\/wp\/v2\/pages"}],"about":[{"href":"http:\/\/www.joseyedro.com\/blog\/wp-json\/wp\/v2\/types\/page"}],"author":[{"embeddable":true,"href":"http:\/\/www.joseyedro.com\/blog\/wp-json\/wp\/v2\/users\/1"}],"replies":[{"embeddable":true,"href":"http:\/\/www.joseyedro.com\/blog\/wp-json\/wp\/v2\/comments?post=1896"}],"version-history":[{"count":1,"href":"http:\/\/www.joseyedro.com\/blog\/wp-json\/wp\/v2\/pages\/1896\/revisions"}],"predecessor-version":[{"id":1916,"href":"http:\/\/www.joseyedro.com\/blog\/wp-json\/wp\/v2\/pages\/1896\/revisions\/1916"}],"up":[{"embeddable":true,"href":"http:\/\/www.joseyedro.com\/blog\/wp-json\/wp\/v2\/pages\/155"}],"wp:attachment":[{"href":"http:\/\/www.joseyedro.com\/blog\/wp-json\/wp\/v2\/media?parent=1896"}],"curies":[{"name":"wp","href":"https:\/\/api.w.org\/{rel}","templated":true}]}}