{"id":209,"date":"2014-03-24T21:46:11","date_gmt":"2014-03-24T20:46:11","guid":{"rendered":"http:\/\/www.joseyedro.com\/blog\/?page_id=209"},"modified":"2015-01-25T18:14:53","modified_gmt":"2015-01-25T17:14:53","slug":"churros-o-calentitos","status":"publish","type":"page","link":"http:\/\/www.joseyedro.com\/blog\/cocina-2\/churros-o-calentitos\/","title":{"rendered":"Churros, o Calentitos"},"content":{"rendered":"<p><script type=\"text\/javascript\">\n    google_ad_client = \"ca-pub-2677838071512913\";\n    google_ad_slot = \"6457255984\";\n    google_ad_width = 468;\n    google_ad_height = 15;\n<\/script><br \/>\n<!-- BANNER  FILA DE TEXTO COCINA --><br \/>\n<script type=\"text\/javascript\"\nsrc=\"\/\/pagead2.googlesyndication.com\/pagead\/show_ads.js\">\n<\/script><\/p>\n<p>Ingredientes:<\/p>\n<ul>\n<li>3 medidas de harina. (por ejemplo: 3 vasos de caf\u00e9 para dos raciones)<\/li>\n<li>1 medida de agua. (p. ej.: 1 vaso de caf\u00e9)<\/li>\n<li>1 cuchara de postre de sal.<\/li>\n<li>1 cuchara sopera de aceite.<\/li>\n<\/ul>\n<p>Al l\u00edo:<\/p>\n<ul>\n<li>Hervir el agua con la sal y el aceite.<\/li>\n<li>Una vez que hierve, verter sobre la harina (no al rev\u00e9s).<\/li>\n<li>Mezclar bien. No deben quedar grumos.<\/li>\n<li>Introducir la mezcla en una manga pastelera.<\/li>\n<li>Ahora interviene la creatividad para darle forma de rosco o palos.<\/li>\n<li>Fre\u00edr en un aceite limpio y muy caliente.<\/li>\n<\/ul>\n","protected":false},"excerpt":{"rendered":"<p>Ingredientes: 3 medidas de harina. (por ejemplo: 3 vasos de caf\u00e9 para dos raciones) 1 medida de agua. (p. ej.: 1 vaso de caf\u00e9) 1 cuchara de postre de sal. 1 cuchara sopera de aceite. Al l\u00edo: Hervir el agua &hellip; <a href=\"http:\/\/www.joseyedro.com\/blog\/cocina-2\/churros-o-calentitos\/\">Sigue leyendo <span class=\"meta-nav\">&rarr;<\/span><\/a><\/p>\n","protected":false},"author":1,"featured_media":0,"parent":157,"menu_order":1,"comment_status":"open","ping_status":"open","template":"","meta":[],"yoast_head":"<!-- This site is optimized with the Yoast SEO plugin v16.0.2 - https:\/\/yoast.com\/wordpress\/plugins\/seo\/ -->\n<meta name=\"description\" content=\"Receta para hacer churros\" \/>\n<meta name=\"robots\" content=\"index, follow, max-snippet:-1, max-image-preview:large, max-video-preview:-1\" \/>\n<link rel=\"canonical\" href=\"http:\/\/www.joseyedro.com\/blog\/cocina-2\/churros-o-calentitos\/\" \/>\n<meta property=\"og:locale\" content=\"es_ES\" \/>\n<meta property=\"og:type\" content=\"article\" \/>\n<meta property=\"og:title\" content=\"Churros para desayunar\" \/>\n<meta property=\"og:description\" content=\"Receta para hacer churros\" \/>\n<meta property=\"og:url\" content=\"http:\/\/www.joseyedro.com\/blog\/cocina-2\/churros-o-calentitos\/\" \/>\n<meta property=\"og:site_name\" content=\"Si Trajano Levantara la Cabeza ...\" \/>\n<meta property=\"article:publisher\" content=\"https:\/\/www.facebook.com\/jose.yedro.5\" \/>\n<meta property=\"article:modified_time\" content=\"2015-01-25T17:14:53+00:00\" \/>\n<script type=\"application\/ld+json\" class=\"yoast-schema-graph\">{\"@context\":\"https:\/\/schema.org\",\"@graph\":[{\"@type\":\"WebSite\",\"@id\":\"https:\/\/www.joseyedro.com\/blog\/#website\",\"url\":\"https:\/\/www.joseyedro.com\/blog\/\",\"name\":\"Si Trajano Levantara la Cabeza ...\",\"description\":\"Desde el Peristilum\",\"potentialAction\":[{\"@type\":\"SearchAction\",\"target\":\"https:\/\/www.joseyedro.com\/blog\/?s={search_term_string}\",\"query-input\":\"required name=search_term_string\"}],\"inLanguage\":\"es\"},{\"@type\":\"WebPage\",\"@id\":\"http:\/\/www.joseyedro.com\/blog\/cocina-2\/churros-o-calentitos\/#webpage\",\"url\":\"http:\/\/www.joseyedro.com\/blog\/cocina-2\/churros-o-calentitos\/\",\"name\":\"Churros para desayunar\",\"isPartOf\":{\"@id\":\"https:\/\/www.joseyedro.com\/blog\/#website\"},\"datePublished\":\"2014-03-24T20:46:11+00:00\",\"dateModified\":\"2015-01-25T17:14:53+00:00\",\"description\":\"Receta para hacer churros\",\"breadcrumb\":{\"@id\":\"http:\/\/www.joseyedro.com\/blog\/cocina-2\/churros-o-calentitos\/#breadcrumb\"},\"inLanguage\":\"es\",\"potentialAction\":[{\"@type\":\"ReadAction\",\"target\":[\"http:\/\/www.joseyedro.com\/blog\/cocina-2\/churros-o-calentitos\/\"]}]},{\"@type\":\"BreadcrumbList\",\"@id\":\"http:\/\/www.joseyedro.com\/blog\/cocina-2\/churros-o-calentitos\/#breadcrumb\",\"itemListElement\":[{\"@type\":\"ListItem\",\"position\":1,\"item\":{\"@type\":\"WebPage\",\"@id\":\"https:\/\/www.joseyedro.com\/blog\/\",\"url\":\"https:\/\/www.joseyedro.com\/blog\/\",\"name\":\"Home\"}},{\"@type\":\"ListItem\",\"position\":2,\"item\":{\"@type\":\"WebPage\",\"@id\":\"http:\/\/www.joseyedro.com\/blog\/cocina-2\/\",\"url\":\"http:\/\/www.joseyedro.com\/blog\/cocina-2\/\",\"name\":\"COCINA\"}},{\"@type\":\"ListItem\",\"position\":3,\"item\":{\"@type\":\"WebPage\",\"@id\":\"http:\/\/www.joseyedro.com\/blog\/cocina-2\/churros-o-calentitos\/\",\"url\":\"http:\/\/www.joseyedro.com\/blog\/cocina-2\/churros-o-calentitos\/\",\"name\":\"Churros, o Calentitos\"}}]}]}<\/script>\n<!-- \/ Yoast SEO plugin. -->","_links":{"self":[{"href":"http:\/\/www.joseyedro.com\/blog\/wp-json\/wp\/v2\/pages\/209"}],"collection":[{"href":"http:\/\/www.joseyedro.com\/blog\/wp-json\/wp\/v2\/pages"}],"about":[{"href":"http:\/\/www.joseyedro.com\/blog\/wp-json\/wp\/v2\/types\/page"}],"author":[{"embeddable":true,"href":"http:\/\/www.joseyedro.com\/blog\/wp-json\/wp\/v2\/users\/1"}],"replies":[{"embeddable":true,"href":"http:\/\/www.joseyedro.com\/blog\/wp-json\/wp\/v2\/comments?post=209"}],"version-history":[{"count":1,"href":"http:\/\/www.joseyedro.com\/blog\/wp-json\/wp\/v2\/pages\/209\/revisions"}],"predecessor-version":[{"id":1418,"href":"http:\/\/www.joseyedro.com\/blog\/wp-json\/wp\/v2\/pages\/209\/revisions\/1418"}],"up":[{"embeddable":true,"href":"http:\/\/www.joseyedro.com\/blog\/wp-json\/wp\/v2\/pages\/157"}],"wp:attachment":[{"href":"http:\/\/www.joseyedro.com\/blog\/wp-json\/wp\/v2\/media?parent=209"}],"curies":[{"name":"wp","href":"https:\/\/api.w.org\/{rel}","templated":true}]}}