{"id":270,"date":"2014-03-31T15:03:32","date_gmt":"2014-03-31T14:03:32","guid":{"rendered":"http:\/\/www.joseyedro.com\/blog\/?page_id=270"},"modified":"2015-01-25T18:19:38","modified_gmt":"2015-01-25T17:19:38","slug":"huevos-rellenos-gratinados","status":"publish","type":"page","link":"http:\/\/www.joseyedro.com\/blog\/cocina-2\/huevos-rellenos-gratinados\/","title":{"rendered":"Huevos rellenos gratinados"},"content":{"rendered":"<p><script type=\"text\/javascript\">\n    google_ad_client = \"ca-pub-2677838071512913\";\n    google_ad_slot = \"6457255984\";\n    google_ad_width = 468;\n    google_ad_height = 15;\n<\/script><br \/>\n<!-- BANNER  FILA DE TEXTO COCINA --><br \/>\n<script type=\"text\/javascript\"\nsrc=\"\/\/pagead2.googlesyndication.com\/pagead\/show_ads.js\">\n<\/script><\/p>\n<p>Para 6 personas<\/p>\n<p>Tiempo empleado: 30 minutos Dificultad: Ninguna<\/p>\n<p>INGREDIENTES:<\/p>\n<p>6 Huevos<\/p>\n<p>\u00bd kilo de Setas o champi\u00f1ones<\/p>\n<p>Media cebolla<\/p>\n<p>Bechamel<\/p>\n<p>Queso rallado<\/p>\n<p>Aceite y sal.<\/p>\n<p>Cocemos los huevos, los abrimos por la mitad y extraemos las yemas. En una sart\u00e9n, pochamos las cebollas, y cuando est\u00e9n transparentes, salteamos las setas o champi\u00f1ones en ese mismo aceite. Una vez salteados, mezclamos las yemas la bechamel (m\u00e1s o menos unos 200 cc.) con las cebollas y boletus, a medio fuego durante unos 3 minutos. Repartimos el relleno en todas las mitades de huevos, los ponemos en una fuente para el horno, y espolvoreamos el queso rallado, \u00a0por \u00faltimo, lo ponemos al horno a gratinar durante unos minutos.<\/p>\n<p>Y a comer\u2026<\/p>\n","protected":false},"excerpt":{"rendered":"<p>Para 6 personas Tiempo empleado: 30 minutos Dificultad: Ninguna INGREDIENTES: 6 Huevos \u00bd kilo de Setas o champi\u00f1ones Media cebolla Bechamel Queso rallado Aceite y sal. Cocemos los huevos, los abrimos por la mitad y extraemos las yemas. En una &hellip; <a href=\"http:\/\/www.joseyedro.com\/blog\/cocina-2\/huevos-rellenos-gratinados\/\">Sigue leyendo <span class=\"meta-nav\">&rarr;<\/span><\/a><\/p>\n","protected":false},"author":1,"featured_media":0,"parent":157,"menu_order":5,"comment_status":"open","ping_status":"open","template":"","meta":[],"yoast_head":"<!-- This site is optimized with the Yoast SEO plugin v16.0.2 - https:\/\/yoast.com\/wordpress\/plugins\/seo\/ -->\n<meta name=\"description\" content=\"huevos cocidos, rellenos y gratinados\" \/>\n<meta name=\"robots\" content=\"index, follow, max-snippet:-1, max-image-preview:large, max-video-preview:-1\" \/>\n<link rel=\"canonical\" href=\"http:\/\/www.joseyedro.com\/blog\/cocina-2\/huevos-rellenos-gratinados\/\" \/>\n<meta property=\"og:locale\" content=\"es_ES\" \/>\n<meta property=\"og:type\" content=\"article\" \/>\n<meta property=\"og:title\" content=\"huevos rellenos gratinados\" \/>\n<meta property=\"og:description\" content=\"huevos cocidos, rellenos y gratinados\" \/>\n<meta property=\"og:url\" content=\"http:\/\/www.joseyedro.com\/blog\/cocina-2\/huevos-rellenos-gratinados\/\" \/>\n<meta property=\"og:site_name\" content=\"Si Trajano Levantara la Cabeza ...\" \/>\n<meta property=\"article:publisher\" content=\"https:\/\/www.facebook.com\/jose.yedro.5\" \/>\n<meta property=\"article:modified_time\" content=\"2015-01-25T17:19:38+00:00\" \/>\n<meta name=\"twitter:label1\" content=\"Tiempo de lectura\">\n\t<meta name=\"twitter:data1\" content=\"1 minuto\">\n<script type=\"application\/ld+json\" class=\"yoast-schema-graph\">{\"@context\":\"https:\/\/schema.org\",\"@graph\":[{\"@type\":\"WebSite\",\"@id\":\"https:\/\/www.joseyedro.com\/blog\/#website\",\"url\":\"https:\/\/www.joseyedro.com\/blog\/\",\"name\":\"Si Trajano Levantara la Cabeza ...\",\"description\":\"Desde el Peristilum\",\"potentialAction\":[{\"@type\":\"SearchAction\",\"target\":\"https:\/\/www.joseyedro.com\/blog\/?s={search_term_string}\",\"query-input\":\"required name=search_term_string\"}],\"inLanguage\":\"es\"},{\"@type\":\"WebPage\",\"@id\":\"http:\/\/www.joseyedro.com\/blog\/cocina-2\/huevos-rellenos-gratinados\/#webpage\",\"url\":\"http:\/\/www.joseyedro.com\/blog\/cocina-2\/huevos-rellenos-gratinados\/\",\"name\":\"huevos rellenos gratinados\",\"isPartOf\":{\"@id\":\"https:\/\/www.joseyedro.com\/blog\/#website\"},\"datePublished\":\"2014-03-31T14:03:32+00:00\",\"dateModified\":\"2015-01-25T17:19:38+00:00\",\"description\":\"huevos cocidos, rellenos y gratinados\",\"breadcrumb\":{\"@id\":\"http:\/\/www.joseyedro.com\/blog\/cocina-2\/huevos-rellenos-gratinados\/#breadcrumb\"},\"inLanguage\":\"es\",\"potentialAction\":[{\"@type\":\"ReadAction\",\"target\":[\"http:\/\/www.joseyedro.com\/blog\/cocina-2\/huevos-rellenos-gratinados\/\"]}]},{\"@type\":\"BreadcrumbList\",\"@id\":\"http:\/\/www.joseyedro.com\/blog\/cocina-2\/huevos-rellenos-gratinados\/#breadcrumb\",\"itemListElement\":[{\"@type\":\"ListItem\",\"position\":1,\"item\":{\"@type\":\"WebPage\",\"@id\":\"https:\/\/www.joseyedro.com\/blog\/\",\"url\":\"https:\/\/www.joseyedro.com\/blog\/\",\"name\":\"Home\"}},{\"@type\":\"ListItem\",\"position\":2,\"item\":{\"@type\":\"WebPage\",\"@id\":\"http:\/\/www.joseyedro.com\/blog\/cocina-2\/\",\"url\":\"http:\/\/www.joseyedro.com\/blog\/cocina-2\/\",\"name\":\"COCINA\"}},{\"@type\":\"ListItem\",\"position\":3,\"item\":{\"@type\":\"WebPage\",\"@id\":\"http:\/\/www.joseyedro.com\/blog\/cocina-2\/huevos-rellenos-gratinados\/\",\"url\":\"http:\/\/www.joseyedro.com\/blog\/cocina-2\/huevos-rellenos-gratinados\/\",\"name\":\"Huevos rellenos gratinados\"}}]}]}<\/script>\n<!-- \/ Yoast SEO plugin. -->","_links":{"self":[{"href":"http:\/\/www.joseyedro.com\/blog\/wp-json\/wp\/v2\/pages\/270"}],"collection":[{"href":"http:\/\/www.joseyedro.com\/blog\/wp-json\/wp\/v2\/pages"}],"about":[{"href":"http:\/\/www.joseyedro.com\/blog\/wp-json\/wp\/v2\/types\/page"}],"author":[{"embeddable":true,"href":"http:\/\/www.joseyedro.com\/blog\/wp-json\/wp\/v2\/users\/1"}],"replies":[{"embeddable":true,"href":"http:\/\/www.joseyedro.com\/blog\/wp-json\/wp\/v2\/comments?post=270"}],"version-history":[{"count":2,"href":"http:\/\/www.joseyedro.com\/blog\/wp-json\/wp\/v2\/pages\/270\/revisions"}],"predecessor-version":[{"id":1422,"href":"http:\/\/www.joseyedro.com\/blog\/wp-json\/wp\/v2\/pages\/270\/revisions\/1422"}],"up":[{"embeddable":true,"href":"http:\/\/www.joseyedro.com\/blog\/wp-json\/wp\/v2\/pages\/157"}],"wp:attachment":[{"href":"http:\/\/www.joseyedro.com\/blog\/wp-json\/wp\/v2\/media?parent=270"}],"curies":[{"name":"wp","href":"https:\/\/api.w.org\/{rel}","templated":true}]}}