{"id":330,"date":"2014-04-10T17:05:42","date_gmt":"2014-04-10T16:05:42","guid":{"rendered":"http:\/\/www.joseyedro.com\/blog\/?page_id=330"},"modified":"2015-01-25T15:06:58","modified_gmt":"2015-01-25T14:06:58","slug":"bacalao-frito-con-pimiento-verdes","status":"publish","type":"page","link":"http:\/\/www.joseyedro.com\/blog\/cocina-2\/bacalao-frito-con-pimiento-verdes\/","title":{"rendered":"Bacalao Frito con Pimientos Verdes"},"content":{"rendered":"<p><script type=\"text\/javascript\">\n    google_ad_client = \"ca-pub-2677838071512913\";\n    google_ad_slot = \"6457255984\";\n    google_ad_width = 468;\n    google_ad_height = 15;\n<\/script><br \/>\n<!-- BANNER  FILA DE TEXTO COCINA --><br \/>\n<script type=\"text\/javascript\"\nsrc=\"\/\/pagead2.googlesyndication.com\/pagead\/show_ads.js\">\n<\/script><\/p>\n<p><span style=\"text-decoration: underline;\">ESPECIAL PARA SEMANA SANTA<\/span><\/p>\n<p>Para 4 personas<\/p>\n<p>Tiempo empleado: 20 minutos Dificultad: Ninguna<\/p>\n<p>INGREDIENTES:<\/p>\n<p>4 Trozos de bacalao<\/p>\n<p>3 Pimientos verdes<\/p>\n<p>\u00be litros de aceite de oliva virgen<\/p>\n<p>1 Cebolla<\/p>\n<p>2 Dientes de ajo<\/p>\n<p>Elaboraci\u00f3n :<\/p>\n<p>Poner en una sart\u00e9n a fuego medio la cebolla, el ajo y los pimientos, todo ello cortado en juliana. A la vez, se fr\u00ede en otra sart\u00e9n con aceite los lomos de bacalao durante 5 minutos por cada lado controlando el fuego que no queme el exterior.<\/p>\n<p>Servir el bacalao y verter por encima la cebolla y el pimiento verde.<\/p>\n","protected":false},"excerpt":{"rendered":"<p>ESPECIAL PARA SEMANA SANTA Para 4 personas Tiempo empleado: 20 minutos Dificultad: Ninguna INGREDIENTES: 4 Trozos de bacalao 3 Pimientos verdes \u00be litros de aceite de oliva virgen 1 Cebolla 2 Dientes de ajo Elaboraci\u00f3n : Poner en una sart\u00e9n &hellip; <a href=\"http:\/\/www.joseyedro.com\/blog\/cocina-2\/bacalao-frito-con-pimiento-verdes\/\">Sigue leyendo <span class=\"meta-nav\">&rarr;<\/span><\/a><\/p>\n","protected":false},"author":1,"featured_media":0,"parent":157,"menu_order":0,"comment_status":"open","ping_status":"open","template":"","meta":[],"yoast_head":"<!-- This site is optimized with the Yoast SEO plugin v16.0.2 - https:\/\/yoast.com\/wordpress\/plugins\/seo\/ -->\n<meta name=\"description\" content=\"Bacalao para Semana Santa\" \/>\n<meta name=\"robots\" content=\"index, follow, max-snippet:-1, max-image-preview:large, max-video-preview:-1\" \/>\n<link rel=\"canonical\" href=\"http:\/\/www.joseyedro.com\/blog\/cocina-2\/bacalao-frito-con-pimiento-verdes\/\" \/>\n<meta property=\"og:locale\" content=\"es_ES\" \/>\n<meta property=\"og:type\" content=\"article\" \/>\n<meta property=\"og:title\" content=\"Bacalao frito\" \/>\n<meta property=\"og:description\" content=\"Bacalao para Semana Santa\" \/>\n<meta property=\"og:url\" content=\"http:\/\/www.joseyedro.com\/blog\/cocina-2\/bacalao-frito-con-pimiento-verdes\/\" \/>\n<meta property=\"og:site_name\" content=\"Si Trajano Levantara la Cabeza ...\" \/>\n<meta property=\"article:publisher\" content=\"https:\/\/www.facebook.com\/jose.yedro.5\" \/>\n<meta property=\"article:modified_time\" content=\"2015-01-25T14:06:58+00:00\" \/>\n<script type=\"application\/ld+json\" class=\"yoast-schema-graph\">{\"@context\":\"https:\/\/schema.org\",\"@graph\":[{\"@type\":\"WebSite\",\"@id\":\"https:\/\/www.joseyedro.com\/blog\/#website\",\"url\":\"https:\/\/www.joseyedro.com\/blog\/\",\"name\":\"Si Trajano Levantara la Cabeza ...\",\"description\":\"Desde el Peristilum\",\"potentialAction\":[{\"@type\":\"SearchAction\",\"target\":\"https:\/\/www.joseyedro.com\/blog\/?s={search_term_string}\",\"query-input\":\"required name=search_term_string\"}],\"inLanguage\":\"es\"},{\"@type\":\"WebPage\",\"@id\":\"http:\/\/www.joseyedro.com\/blog\/cocina-2\/bacalao-frito-con-pimiento-verdes\/#webpage\",\"url\":\"http:\/\/www.joseyedro.com\/blog\/cocina-2\/bacalao-frito-con-pimiento-verdes\/\",\"name\":\"Bacalao frito\",\"isPartOf\":{\"@id\":\"https:\/\/www.joseyedro.com\/blog\/#website\"},\"datePublished\":\"2014-04-10T16:05:42+00:00\",\"dateModified\":\"2015-01-25T14:06:58+00:00\",\"description\":\"Bacalao para Semana Santa\",\"breadcrumb\":{\"@id\":\"http:\/\/www.joseyedro.com\/blog\/cocina-2\/bacalao-frito-con-pimiento-verdes\/#breadcrumb\"},\"inLanguage\":\"es\",\"potentialAction\":[{\"@type\":\"ReadAction\",\"target\":[\"http:\/\/www.joseyedro.com\/blog\/cocina-2\/bacalao-frito-con-pimiento-verdes\/\"]}]},{\"@type\":\"BreadcrumbList\",\"@id\":\"http:\/\/www.joseyedro.com\/blog\/cocina-2\/bacalao-frito-con-pimiento-verdes\/#breadcrumb\",\"itemListElement\":[{\"@type\":\"ListItem\",\"position\":1,\"item\":{\"@type\":\"WebPage\",\"@id\":\"https:\/\/www.joseyedro.com\/blog\/\",\"url\":\"https:\/\/www.joseyedro.com\/blog\/\",\"name\":\"Home\"}},{\"@type\":\"ListItem\",\"position\":2,\"item\":{\"@type\":\"WebPage\",\"@id\":\"http:\/\/www.joseyedro.com\/blog\/cocina-2\/\",\"url\":\"http:\/\/www.joseyedro.com\/blog\/cocina-2\/\",\"name\":\"COCINA\"}},{\"@type\":\"ListItem\",\"position\":3,\"item\":{\"@type\":\"WebPage\",\"@id\":\"http:\/\/www.joseyedro.com\/blog\/cocina-2\/bacalao-frito-con-pimiento-verdes\/\",\"url\":\"http:\/\/www.joseyedro.com\/blog\/cocina-2\/bacalao-frito-con-pimiento-verdes\/\",\"name\":\"Bacalao Frito con Pimientos Verdes\"}}]}]}<\/script>\n<!-- \/ Yoast SEO plugin. -->","_links":{"self":[{"href":"http:\/\/www.joseyedro.com\/blog\/wp-json\/wp\/v2\/pages\/330"}],"collection":[{"href":"http:\/\/www.joseyedro.com\/blog\/wp-json\/wp\/v2\/pages"}],"about":[{"href":"http:\/\/www.joseyedro.com\/blog\/wp-json\/wp\/v2\/types\/page"}],"author":[{"embeddable":true,"href":"http:\/\/www.joseyedro.com\/blog\/wp-json\/wp\/v2\/users\/1"}],"replies":[{"embeddable":true,"href":"http:\/\/www.joseyedro.com\/blog\/wp-json\/wp\/v2\/comments?post=330"}],"version-history":[{"count":2,"href":"http:\/\/www.joseyedro.com\/blog\/wp-json\/wp\/v2\/pages\/330\/revisions"}],"predecessor-version":[{"id":1407,"href":"http:\/\/www.joseyedro.com\/blog\/wp-json\/wp\/v2\/pages\/330\/revisions\/1407"}],"up":[{"embeddable":true,"href":"http:\/\/www.joseyedro.com\/blog\/wp-json\/wp\/v2\/pages\/157"}],"wp:attachment":[{"href":"http:\/\/www.joseyedro.com\/blog\/wp-json\/wp\/v2\/media?parent=330"}],"curies":[{"name":"wp","href":"https:\/\/api.w.org\/{rel}","templated":true}]}}