{"id":342,"date":"2014-04-11T11:02:34","date_gmt":"2014-04-11T10:02:34","guid":{"rendered":"http:\/\/www.joseyedro.com\/blog\/?page_id=342"},"modified":"2015-01-25T18:17:19","modified_gmt":"2015-01-25T17:17:19","slug":"arroz-con-higaditos","status":"publish","type":"page","link":"http:\/\/www.joseyedro.com\/blog\/cocina-2\/arroz-con-higaditos\/","title":{"rendered":"Arroz con Higaditos"},"content":{"rendered":"<p><script type=\"text\/javascript\">\n    google_ad_client = \"ca-pub-2677838071512913\";\n    google_ad_slot = \"6457255984\";\n    google_ad_width = 468;\n    google_ad_height = 15;\n<\/script><br \/>\n<!-- BANNER  FILA DE TEXTO COCINA --><br \/>\n<script type=\"text\/javascript\"\nsrc=\"\/\/pagead2.googlesyndication.com\/pagead\/show_ads.js\">\n<\/script><\/p>\n<p>Para 4 personas<\/p>\n<p>Tiempo empleado: 45 minutos Dificultad: Ninguna<\/p>\n<p><b>INGREDIENTES:<\/b><\/p>\n<p>400 grs. de arroz<\/p>\n<p>1 Cebolla\u00a0 mediana<\/p>\n<p>Una cuchara de tomate frito<\/p>\n<p>\u00bd Kg. de higaditos de pollo<\/p>\n<p>Sal y pimienta<\/p>\n<p>6 cucharadas de aceite de oliva<\/p>\n<p>Elaboraci\u00f3n :<\/p>\n<p>Mide y pon a calentar doble cantidad de agua que de arroz.<\/p>\n<p>Calienta el aceite a continuaci\u00f3n, y fr\u00ede a fuego suave la cebolla pelada y muy picada. Mientras, limpia y trocea los higaditos, a\u00f1\u00e1delos al fuego cuando la cebolla est\u00e9 casi hecha, y a\u00f1ade el tomate en cuanto cambien de color; a\u00f1ade tambi\u00e9n el arroz, reh\u00f3galo y b\u00e1\u00f1alo con el agua caliente. Sazona con sal y pimienta,\u00a0 cu\u00e9celo primero a fuego vivo y luego a fuego suave durante 20 minutos.<\/p>\n<p>No olvides dejarlo reposar unos minutos antes de servir, o parecer\u00e1 -empapado- al paladar.<\/p>\n<p>La mejor manera de dejar reposar el arroz consiste en poner la cazuela sobre una tabla y taparla con un pa\u00f1o de cocina.<\/p>\n<p>Acomp\u00e1\u00f1alo con una ensalada de lechuga y tomate, llena de vitaminas.<\/p>\n<p>Y a disfrutar!!..<\/p>\n","protected":false},"excerpt":{"rendered":"<p>Para 4 personas Tiempo empleado: 45 minutos Dificultad: Ninguna INGREDIENTES: 400 grs. de arroz 1 Cebolla\u00a0 mediana Una cuchara de tomate frito \u00bd Kg. de higaditos de pollo Sal y pimienta 6 cucharadas de aceite de oliva Elaboraci\u00f3n : Mide &hellip; <a href=\"http:\/\/www.joseyedro.com\/blog\/cocina-2\/arroz-con-higaditos\/\">Sigue leyendo <span class=\"meta-nav\">&rarr;<\/span><\/a><\/p>\n","protected":false},"author":1,"featured_media":0,"parent":157,"menu_order":1,"comment_status":"open","ping_status":"open","template":"","meta":[],"yoast_head":"<!-- This site is optimized with the Yoast SEO plugin v16.0.2 - https:\/\/yoast.com\/wordpress\/plugins\/seo\/ -->\n<meta name=\"description\" content=\"nueva receta con arroz\" \/>\n<meta name=\"robots\" content=\"index, follow, max-snippet:-1, max-image-preview:large, max-video-preview:-1\" \/>\n<link rel=\"canonical\" href=\"https:\/\/www.joseyedro.com\/blog\/cocina-2\/arroz-con-higaditos\/\" \/>\n<meta property=\"og:locale\" content=\"es_ES\" \/>\n<meta property=\"og:type\" content=\"article\" \/>\n<meta property=\"og:title\" content=\"Arroz con Higaditos - Si Trajano Levantara la Cabeza ...\" \/>\n<meta property=\"og:description\" content=\"nueva receta con arroz\" \/>\n<meta property=\"og:url\" content=\"https:\/\/www.joseyedro.com\/blog\/cocina-2\/arroz-con-higaditos\/\" \/>\n<meta property=\"og:site_name\" content=\"Si Trajano Levantara la Cabeza ...\" \/>\n<meta property=\"article:publisher\" content=\"https:\/\/www.facebook.com\/jose.yedro.5\" \/>\n<meta property=\"article:modified_time\" content=\"2015-01-25T17:17:19+00:00\" \/>\n<meta name=\"twitter:label1\" content=\"Tiempo de lectura\">\n\t<meta name=\"twitter:data1\" content=\"1 minuto\">\n<script type=\"application\/ld+json\" class=\"yoast-schema-graph\">{\"@context\":\"https:\/\/schema.org\",\"@graph\":[{\"@type\":\"WebSite\",\"@id\":\"https:\/\/www.joseyedro.com\/blog\/#website\",\"url\":\"https:\/\/www.joseyedro.com\/blog\/\",\"name\":\"Si Trajano Levantara la Cabeza ...\",\"description\":\"Desde el Peristilum\",\"potentialAction\":[{\"@type\":\"SearchAction\",\"target\":\"https:\/\/www.joseyedro.com\/blog\/?s={search_term_string}\",\"query-input\":\"required name=search_term_string\"}],\"inLanguage\":\"es\"},{\"@type\":\"WebPage\",\"@id\":\"https:\/\/www.joseyedro.com\/blog\/cocina-2\/arroz-con-higaditos\/#webpage\",\"url\":\"https:\/\/www.joseyedro.com\/blog\/cocina-2\/arroz-con-higaditos\/\",\"name\":\"Arroz con Higaditos - Si Trajano Levantara la Cabeza ...\",\"isPartOf\":{\"@id\":\"https:\/\/www.joseyedro.com\/blog\/#website\"},\"datePublished\":\"2014-04-11T10:02:34+00:00\",\"dateModified\":\"2015-01-25T17:17:19+00:00\",\"description\":\"nueva receta con arroz\",\"breadcrumb\":{\"@id\":\"https:\/\/www.joseyedro.com\/blog\/cocina-2\/arroz-con-higaditos\/#breadcrumb\"},\"inLanguage\":\"es\",\"potentialAction\":[{\"@type\":\"ReadAction\",\"target\":[\"https:\/\/www.joseyedro.com\/blog\/cocina-2\/arroz-con-higaditos\/\"]}]},{\"@type\":\"BreadcrumbList\",\"@id\":\"https:\/\/www.joseyedro.com\/blog\/cocina-2\/arroz-con-higaditos\/#breadcrumb\",\"itemListElement\":[{\"@type\":\"ListItem\",\"position\":1,\"item\":{\"@type\":\"WebPage\",\"@id\":\"https:\/\/www.joseyedro.com\/blog\/\",\"url\":\"https:\/\/www.joseyedro.com\/blog\/\",\"name\":\"Home\"}},{\"@type\":\"ListItem\",\"position\":2,\"item\":{\"@type\":\"WebPage\",\"@id\":\"http:\/\/www.joseyedro.com\/blog\/cocina-2\/\",\"url\":\"http:\/\/www.joseyedro.com\/blog\/cocina-2\/\",\"name\":\"COCINA\"}},{\"@type\":\"ListItem\",\"position\":3,\"item\":{\"@type\":\"WebPage\",\"@id\":\"https:\/\/www.joseyedro.com\/blog\/cocina-2\/arroz-con-higaditos\/\",\"url\":\"https:\/\/www.joseyedro.com\/blog\/cocina-2\/arroz-con-higaditos\/\",\"name\":\"Arroz con Higaditos\"}}]}]}<\/script>\n<!-- \/ Yoast SEO plugin. -->","_links":{"self":[{"href":"http:\/\/www.joseyedro.com\/blog\/wp-json\/wp\/v2\/pages\/342"}],"collection":[{"href":"http:\/\/www.joseyedro.com\/blog\/wp-json\/wp\/v2\/pages"}],"about":[{"href":"http:\/\/www.joseyedro.com\/blog\/wp-json\/wp\/v2\/types\/page"}],"author":[{"embeddable":true,"href":"http:\/\/www.joseyedro.com\/blog\/wp-json\/wp\/v2\/users\/1"}],"replies":[{"embeddable":true,"href":"http:\/\/www.joseyedro.com\/blog\/wp-json\/wp\/v2\/comments?post=342"}],"version-history":[{"count":2,"href":"http:\/\/www.joseyedro.com\/blog\/wp-json\/wp\/v2\/pages\/342\/revisions"}],"predecessor-version":[{"id":1420,"href":"http:\/\/www.joseyedro.com\/blog\/wp-json\/wp\/v2\/pages\/342\/revisions\/1420"}],"up":[{"embeddable":true,"href":"http:\/\/www.joseyedro.com\/blog\/wp-json\/wp\/v2\/pages\/157"}],"wp:attachment":[{"href":"http:\/\/www.joseyedro.com\/blog\/wp-json\/wp\/v2\/media?parent=342"}],"curies":[{"name":"wp","href":"https:\/\/api.w.org\/{rel}","templated":true}]}}