{"id":439,"date":"2014-04-21T20:04:00","date_gmt":"2014-04-21T19:04:00","guid":{"rendered":"http:\/\/www.joseyedro.com\/blog\/?page_id=439"},"modified":"2018-03-14T17:32:05","modified_gmt":"2018-03-14T16:32:05","slug":"insertar-publicidad-de-tradedoubler","status":"publish","type":"page","link":"http:\/\/www.joseyedro.com\/blog\/trucos_faciles\/insertar-publicidad-de-tradedoubler\/","title":{"rendered":"Insertar publicidad de tradedoubler"},"content":{"rendered":"<p style=\"text-align: justify;\">Si disponemos de un men\u00fa en nuestra web de wordpress, dispondremos de varias p\u00e1ginas y de una entrada principal (est\u00e1tica, o no).<br \/>\nSi lo que queremos es insertar el c\u00f3digo de la publicidad facilitado por tradedoubler, y que para que aparezca en todas las p\u00e1ginas , por ejemplo en la barra lateral, tendremos que hacerlo eligiendo javascript y copiando e insertando el c\u00f3digo suministrado en page.php<br \/>\nYo lo he solucionado de este modo, y aunque estoy seguro de que no es ni el mejor, ni el \u00fanico m\u00e9todo, a mi me ha servido.<br \/>\nDel mismo modo, si utilizamos iframe, har\u00e1 el mismo efecto, s\u00f3lo que redirigir\u00e1 el tr\u00e1fico a la p\u00e1gina del anunciante.<\/p>\n<p style=\"text-align: center;\"><a href=\"http:\/\/www.joseyedro.com\/blog\/wp-content\/uploads\/2014\/04\/insertar-publi-en-todas-las-paginas-codigo.jpg\"><img loading=\"lazy\" class=\"aligncenter size-full wp-image-442\" alt=\"insertar publi en todas las paginas codigo\" src=\"http:\/\/www.joseyedro.com\/blog\/wp-content\/uploads\/2014\/04\/insertar-publi-en-todas-las-paginas-codigo.jpg\" width=\"912\" height=\"479\" srcset=\"http:\/\/www.joseyedro.com\/blog\/wp-content\/uploads\/2014\/04\/insertar-publi-en-todas-las-paginas-codigo.jpg 912w, http:\/\/www.joseyedro.com\/blog\/wp-content\/uploads\/2014\/04\/insertar-publi-en-todas-las-paginas-codigo-300x157.jpg 300w\" sizes=\"(max-width: 912px) 100vw, 912px\" \/><\/a><\/p>\n<p class=\"MsoNormal\" style=\"text-align: justify;\">Al querer insertarlo en una p\u00e1gina en concreto, lo he hecho como imagen, y utilizando \u201csame window\u201d.<\/p>\n<p class=\"MsoNormal\" style=\"text-align: justify;\"><a href=\"http:\/\/www.joseyedro.com\/blog\/wp-content\/uploads\/2014\/04\/insertar-publi-en-una-pagina-codigo-0011.jpg\"><img loading=\"lazy\" class=\"aligncenter size-full wp-image-443\" alt=\"insertar publi en una pagina codigo 001\" src=\"http:\/\/www.joseyedro.com\/blog\/wp-content\/uploads\/2014\/04\/insertar-publi-en-una-pagina-codigo-0011.jpg\" width=\"887\" height=\"364\" srcset=\"http:\/\/www.joseyedro.com\/blog\/wp-content\/uploads\/2014\/04\/insertar-publi-en-una-pagina-codigo-0011.jpg 887w, http:\/\/www.joseyedro.com\/blog\/wp-content\/uploads\/2014\/04\/insertar-publi-en-una-pagina-codigo-0011-300x123.jpg 300w\" sizes=\"(max-width: 887px) 100vw, 887px\" \/><\/a>Una vez llegado a este punto, dentro del men\u00fa de wordpress, seleccionamos la p\u00e1gina y la posici\u00f3n donde queremos que se inserte, y editamos como texto. Picamos en el bot\u00f3n que nos aparece con la etiqueta &lt;code&gt;, y pegamos el c\u00f3digo. Guardamos, y listo.<\/p>\n<p class=\"MsoNormal\" style=\"text-align: justify;\"><a href=\"http:\/\/www.joseyedro.com\/blog\/wp-content\/uploads\/2014\/04\/insertar-publi-en-una-pagina-codigo-002.jpg\"><img loading=\"lazy\" class=\"aligncenter size-full wp-image-440\" alt=\"insertar publi en una pagina codigo 002\" src=\"http:\/\/www.joseyedro.com\/blog\/wp-content\/uploads\/2014\/04\/insertar-publi-en-una-pagina-codigo-002.jpg\" width=\"858\" height=\"295\" srcset=\"http:\/\/www.joseyedro.com\/blog\/wp-content\/uploads\/2014\/04\/insertar-publi-en-una-pagina-codigo-002.jpg 858w, http:\/\/www.joseyedro.com\/blog\/wp-content\/uploads\/2014\/04\/insertar-publi-en-una-pagina-codigo-002-300x103.jpg 300w\" sizes=\"(max-width: 858px) 100vw, 858px\" \/><\/a><\/p>\n<p style=\"text-align: justify;\">\n","protected":false},"excerpt":{"rendered":"<p>Si disponemos de un men\u00fa en nuestra web de wordpress, dispondremos de varias p\u00e1ginas y de una entrada principal (est\u00e1tica, o no). Si lo que queremos es insertar el c\u00f3digo de la publicidad facilitado por tradedoubler, y que para que &hellip; <a href=\"http:\/\/www.joseyedro.com\/blog\/trucos_faciles\/insertar-publicidad-de-tradedoubler\/\">Sigue leyendo <span class=\"meta-nav\">&rarr;<\/span><\/a><\/p>\n","protected":false},"author":1,"featured_media":0,"parent":155,"menu_order":0,"comment_status":"open","ping_status":"closed","template":"","meta":[],"yoast_head":"<!-- This site is optimized with the Yoast SEO plugin v16.0.2 - https:\/\/yoast.com\/wordpress\/plugins\/seo\/ -->\n<meta name=\"description\" content=\"C\u00f3mo insertar publicidad en tu web para monetizarla\" \/>\n<meta name=\"robots\" content=\"index, follow, max-snippet:-1, max-image-preview:large, max-video-preview:-1\" \/>\n<link rel=\"canonical\" href=\"https:\/\/www.joseyedro.com\/blog\/trucos_faciles\/insertar-publicidad-de-tradedoubler\/\" \/>\n<meta property=\"og:locale\" content=\"es_ES\" \/>\n<meta property=\"og:type\" content=\"article\" \/>\n<meta property=\"og:title\" content=\"Insertar publicidad de tradedoubler - Si Trajano Levantara la Cabeza ...\" \/>\n<meta property=\"og:description\" content=\"C\u00f3mo insertar publicidad en tu web para monetizarla\" \/>\n<meta property=\"og:url\" content=\"https:\/\/www.joseyedro.com\/blog\/trucos_faciles\/insertar-publicidad-de-tradedoubler\/\" \/>\n<meta property=\"og:site_name\" content=\"Si Trajano Levantara la Cabeza ...\" \/>\n<meta property=\"article:publisher\" content=\"https:\/\/www.facebook.com\/jose.yedro.5\" \/>\n<meta property=\"article:modified_time\" content=\"2018-03-14T16:32:05+00:00\" \/>\n<meta property=\"og:image\" content=\"http:\/\/www.joseyedro.com\/blog\/wp-content\/uploads\/2014\/04\/insertar-publi-en-todas-las-paginas-codigo.jpg\" \/>\n<meta name=\"twitter:label1\" content=\"Tiempo de lectura\">\n\t<meta name=\"twitter:data1\" content=\"1 minuto\">\n<script type=\"application\/ld+json\" class=\"yoast-schema-graph\">{\"@context\":\"https:\/\/schema.org\",\"@graph\":[{\"@type\":\"WebSite\",\"@id\":\"https:\/\/www.joseyedro.com\/blog\/#website\",\"url\":\"https:\/\/www.joseyedro.com\/blog\/\",\"name\":\"Si Trajano Levantara la Cabeza ...\",\"description\":\"Desde el Peristilum\",\"potentialAction\":[{\"@type\":\"SearchAction\",\"target\":\"https:\/\/www.joseyedro.com\/blog\/?s={search_term_string}\",\"query-input\":\"required name=search_term_string\"}],\"inLanguage\":\"es\"},{\"@type\":\"ImageObject\",\"@id\":\"https:\/\/www.joseyedro.com\/blog\/trucos_faciles\/insertar-publicidad-de-tradedoubler\/#primaryimage\",\"inLanguage\":\"es\",\"url\":\"http:\/\/www.joseyedro.com\/blog\/wp-content\/uploads\/2014\/04\/insertar-publi-en-todas-las-paginas-codigo.jpg\",\"width\":912,\"height\":479},{\"@type\":\"WebPage\",\"@id\":\"https:\/\/www.joseyedro.com\/blog\/trucos_faciles\/insertar-publicidad-de-tradedoubler\/#webpage\",\"url\":\"https:\/\/www.joseyedro.com\/blog\/trucos_faciles\/insertar-publicidad-de-tradedoubler\/\",\"name\":\"Insertar publicidad de tradedoubler - Si Trajano Levantara la Cabeza ...\",\"isPartOf\":{\"@id\":\"https:\/\/www.joseyedro.com\/blog\/#website\"},\"primaryImageOfPage\":{\"@id\":\"https:\/\/www.joseyedro.com\/blog\/trucos_faciles\/insertar-publicidad-de-tradedoubler\/#primaryimage\"},\"datePublished\":\"2014-04-21T19:04:00+00:00\",\"dateModified\":\"2018-03-14T16:32:05+00:00\",\"description\":\"C\\u00f3mo insertar publicidad en tu web para monetizarla\",\"breadcrumb\":{\"@id\":\"https:\/\/www.joseyedro.com\/blog\/trucos_faciles\/insertar-publicidad-de-tradedoubler\/#breadcrumb\"},\"inLanguage\":\"es\",\"potentialAction\":[{\"@type\":\"ReadAction\",\"target\":[\"https:\/\/www.joseyedro.com\/blog\/trucos_faciles\/insertar-publicidad-de-tradedoubler\/\"]}]},{\"@type\":\"BreadcrumbList\",\"@id\":\"https:\/\/www.joseyedro.com\/blog\/trucos_faciles\/insertar-publicidad-de-tradedoubler\/#breadcrumb\",\"itemListElement\":[{\"@type\":\"ListItem\",\"position\":1,\"item\":{\"@type\":\"WebPage\",\"@id\":\"https:\/\/www.joseyedro.com\/blog\/\",\"url\":\"https:\/\/www.joseyedro.com\/blog\/\",\"name\":\"Home\"}},{\"@type\":\"ListItem\",\"position\":2,\"item\":{\"@type\":\"WebPage\",\"@id\":\"http:\/\/www.joseyedro.com\/blog\/trucos_faciles\/\",\"url\":\"http:\/\/www.joseyedro.com\/blog\/trucos_faciles\/\",\"name\":\"TRUCOS F\\u00c1CILES&#8230;?\"}},{\"@type\":\"ListItem\",\"position\":3,\"item\":{\"@type\":\"WebPage\",\"@id\":\"https:\/\/www.joseyedro.com\/blog\/trucos_faciles\/insertar-publicidad-de-tradedoubler\/\",\"url\":\"https:\/\/www.joseyedro.com\/blog\/trucos_faciles\/insertar-publicidad-de-tradedoubler\/\",\"name\":\"Insertar publicidad de tradedoubler\"}}]}]}<\/script>\n<!-- \/ Yoast SEO plugin. -->","_links":{"self":[{"href":"http:\/\/www.joseyedro.com\/blog\/wp-json\/wp\/v2\/pages\/439"}],"collection":[{"href":"http:\/\/www.joseyedro.com\/blog\/wp-json\/wp\/v2\/pages"}],"about":[{"href":"http:\/\/www.joseyedro.com\/blog\/wp-json\/wp\/v2\/types\/page"}],"author":[{"embeddable":true,"href":"http:\/\/www.joseyedro.com\/blog\/wp-json\/wp\/v2\/users\/1"}],"replies":[{"embeddable":true,"href":"http:\/\/www.joseyedro.com\/blog\/wp-json\/wp\/v2\/comments?post=439"}],"version-history":[{"count":1,"href":"http:\/\/www.joseyedro.com\/blog\/wp-json\/wp\/v2\/pages\/439\/revisions"}],"predecessor-version":[{"id":1696,"href":"http:\/\/www.joseyedro.com\/blog\/wp-json\/wp\/v2\/pages\/439\/revisions\/1696"}],"up":[{"embeddable":true,"href":"http:\/\/www.joseyedro.com\/blog\/wp-json\/wp\/v2\/pages\/155"}],"wp:attachment":[{"href":"http:\/\/www.joseyedro.com\/blog\/wp-json\/wp\/v2\/media?parent=439"}],"curies":[{"name":"wp","href":"https:\/\/api.w.org\/{rel}","templated":true}]}}