{"id":534,"date":"2014-04-29T22:55:27","date_gmt":"2014-04-29T21:55:27","guid":{"rendered":"http:\/\/www.joseyedro.com\/blog\/?page_id=534"},"modified":"2015-05-23T20:04:19","modified_gmt":"2015-05-23T19:04:19","slug":"marcalibro-recuerdo-de-1a-comunion","status":"publish","type":"page","link":"http:\/\/www.joseyedro.com\/blog\/tira-de-comic\/marcalibro-recuerdo-de-1a-comunion\/","title":{"rendered":"Marcalibro recuerdo de 1\u00aa Comuni\u00f3n"},"content":{"rendered":"<p style=\"text-align: justify;\">Contacta conmigo si te interesa mi trabajo. Dependiendo de la complejidad del dibujo, podemos llegar a un acuerdo. S\u00f3lo tienes que mandarme la foto que quieres transformar en modo c\u00f3mic. Una vez realizado el dise\u00f1o te lo env\u00edo en el formato pdf, tiff, o jpeg, y comprueba que te gusta. Despu\u00e9s s\u00f3lo te resta enviarla a imprimir donde desees.<\/p>\n<p><script type=\"text\/javascript\">\n    google_ad_client = \"ca-pub-2677838071512913\";\n    google_ad_slot = \"1634299989\";\n    google_ad_width = 468;\n    google_ad_height = 15;\n<\/script><br \/>\n<!-- texto mediano viajes --><br \/>\n<script type=\"text\/javascript\"\nsrc=\"\/\/pagead2.googlesyndication.com\/pagead\/show_ads.js\">\n<\/script><br \/>\n<\/p>\n<table>\n<img loading=\"lazy\" class=\"aligncenter wp-image-1722 size-full\" src=\"http:\/\/www.joseyedro.com\/blog\/wp-content\/uploads\/2014\/04\/primera-comuni\u00f3n-ni\u00f1o-marcapaginas.png\" alt=\"Marcap\u00e1ginas - Marcalibros\" width=\"724\" height=\"646\" srcset=\"http:\/\/www.joseyedro.com\/blog\/wp-content\/uploads\/2014\/04\/primera-comuni\u00f3n-ni\u00f1o-marcapaginas.png 724w, http:\/\/www.joseyedro.com\/blog\/wp-content\/uploads\/2014\/04\/primera-comuni\u00f3n-ni\u00f1o-marcapaginas-300x268.png 300w\" sizes=\"(max-width: 724px) 100vw, 724px\" \/><br \/>\n<\/table>\n<table>\n<td>\n<a href=\"http:\/\/www.joseyedro.com\/blog\/wp-content\/uploads\/2014\/04\/marcapaginas-comuni\u00f3n-ni\u00f1a.png\"><img loading=\"lazy\" src=\"http:\/\/www.joseyedro.com\/blog\/wp-content\/uploads\/2014\/04\/marcapaginas-comuni\u00f3n-ni\u00f1a-360x1024.png\" alt=\"marcapaginas comuni\u00f3n ni\u00f1a\" width=\"300\" height=\"815\" class=\"aligncenter size-large wp-image-1733\" \/><\/a>\n<\/td>\n<td>\n<a href=\"http:\/\/www.joseyedro.com\/blog\/wp-content\/uploads\/2014\/04\/primera-comunion-ni\u00f1a-marcapaginas.png\"><img loading=\"lazy\" src=\"http:\/\/www.joseyedro.com\/blog\/wp-content\/uploads\/2014\/04\/primera-comunion-ni\u00f1a-marcapaginas-377x1024.png\" alt=\"primera comunion ni\u00f1a marcapaginas\" width=\"300\" height=\"854\" class=\"aligncenter size-large wp-image-1734\" \/><\/a>\n<\/td>\n<\/table>\n<p>\n<script type=\"text\/javascript\">\n    google_ad_client = \"ca-pub-2677838071512913\";\n    google_ad_slot = \"5642794386\";\n    google_ad_width = 468;\n    google_ad_height = 60;\n<\/script><br \/>\n<!-- CAMINO SANTIAGO --><br \/>\n<script type=\"text\/javascript\"\nsrc=\"\/\/pagead2.googlesyndication.com\/pagead\/show_ads.js\">\n<\/script><\/p>\n","protected":false},"excerpt":{"rendered":"<p>Contacta conmigo si te interesa mi trabajo. Dependiendo de la complejidad del dibujo, podemos llegar a un acuerdo. S\u00f3lo tienes que mandarme la foto que quieres transformar en modo c\u00f3mic. Una vez realizado el dise\u00f1o te lo env\u00edo en el &hellip; <a href=\"http:\/\/www.joseyedro.com\/blog\/tira-de-comic\/marcalibro-recuerdo-de-1a-comunion\/\">Sigue leyendo <span class=\"meta-nav\">&rarr;<\/span><\/a><\/p>\n","protected":false},"author":1,"featured_media":0,"parent":182,"menu_order":0,"comment_status":"open","ping_status":"open","template":"","meta":[],"yoast_head":"<!-- This site is optimized with the Yoast SEO plugin v16.0.2 - https:\/\/yoast.com\/wordpress\/plugins\/seo\/ -->\n<meta name=\"description\" content=\"te dise\u00f1o tu recordatorio de primera comuni\u00f3n para marcar la p\u00e1gina del libro por donde vas leyendo. formato c\u00f3mic. impresi\u00f3n de marcalibros, marcap\u00e1ginas\" \/>\n<meta name=\"robots\" content=\"index, follow, max-snippet:-1, max-image-preview:large, max-video-preview:-1\" \/>\n<link rel=\"canonical\" href=\"http:\/\/www.joseyedro.com\/blog\/tira-de-comic\/marcalibro-recuerdo-de-1a-comunion\/\" \/>\n<meta property=\"og:locale\" content=\"es_ES\" \/>\n<meta property=\"og:type\" content=\"article\" \/>\n<meta property=\"og:title\" content=\"Marcalibro recuerdo de 1\u00aa Comuni\u00f3n\" \/>\n<meta property=\"og:description\" content=\"te dise\u00f1o tu recordatorio de primera comuni\u00f3n para marcar la p\u00e1gina del libro por donde vas leyendo. formato c\u00f3mic. impresi\u00f3n de marcalibros, marcap\u00e1ginas\" \/>\n<meta property=\"og:url\" content=\"http:\/\/www.joseyedro.com\/blog\/tira-de-comic\/marcalibro-recuerdo-de-1a-comunion\/\" \/>\n<meta property=\"og:site_name\" content=\"Si Trajano Levantara la Cabeza ...\" \/>\n<meta property=\"article:publisher\" content=\"https:\/\/www.facebook.com\/jose.yedro.5\" \/>\n<meta property=\"article:modified_time\" content=\"2015-05-23T19:04:19+00:00\" \/>\n<meta property=\"og:image\" content=\"http:\/\/www.joseyedro.com\/blog\/wp-content\/uploads\/2014\/04\/primera-comuni\u00f3n-ni\u00f1o-marcapaginas.png\" \/>\n<script type=\"application\/ld+json\" class=\"yoast-schema-graph\">{\"@context\":\"https:\/\/schema.org\",\"@graph\":[{\"@type\":\"WebSite\",\"@id\":\"https:\/\/www.joseyedro.com\/blog\/#website\",\"url\":\"https:\/\/www.joseyedro.com\/blog\/\",\"name\":\"Si Trajano Levantara la Cabeza ...\",\"description\":\"Desde el Peristilum\",\"potentialAction\":[{\"@type\":\"SearchAction\",\"target\":\"https:\/\/www.joseyedro.com\/blog\/?s={search_term_string}\",\"query-input\":\"required name=search_term_string\"}],\"inLanguage\":\"es\"},{\"@type\":\"ImageObject\",\"@id\":\"http:\/\/www.joseyedro.com\/blog\/tira-de-comic\/marcalibro-recuerdo-de-1a-comunion\/#primaryimage\",\"inLanguage\":\"es\",\"url\":\"http:\/\/www.joseyedro.com\/blog\/wp-content\/uploads\/2014\/04\/primera-comuni\\u00f3n-ni\\u00f1o-marcapaginas.png\",\"width\":724,\"height\":646},{\"@type\":\"WebPage\",\"@id\":\"http:\/\/www.joseyedro.com\/blog\/tira-de-comic\/marcalibro-recuerdo-de-1a-comunion\/#webpage\",\"url\":\"http:\/\/www.joseyedro.com\/blog\/tira-de-comic\/marcalibro-recuerdo-de-1a-comunion\/\",\"name\":\"Marcalibro recuerdo de 1\\u00aa Comuni\\u00f3n\",\"isPartOf\":{\"@id\":\"https:\/\/www.joseyedro.com\/blog\/#website\"},\"primaryImageOfPage\":{\"@id\":\"http:\/\/www.joseyedro.com\/blog\/tira-de-comic\/marcalibro-recuerdo-de-1a-comunion\/#primaryimage\"},\"datePublished\":\"2014-04-29T21:55:27+00:00\",\"dateModified\":\"2015-05-23T19:04:19+00:00\",\"description\":\"te dise\\u00f1o tu recordatorio de primera comuni\\u00f3n para marcar la p\\u00e1gina del libro por donde vas leyendo. formato c\\u00f3mic. impresi\\u00f3n de marcalibros, marcap\\u00e1ginas\",\"breadcrumb\":{\"@id\":\"http:\/\/www.joseyedro.com\/blog\/tira-de-comic\/marcalibro-recuerdo-de-1a-comunion\/#breadcrumb\"},\"inLanguage\":\"es\",\"potentialAction\":[{\"@type\":\"ReadAction\",\"target\":[\"http:\/\/www.joseyedro.com\/blog\/tira-de-comic\/marcalibro-recuerdo-de-1a-comunion\/\"]}]},{\"@type\":\"BreadcrumbList\",\"@id\":\"http:\/\/www.joseyedro.com\/blog\/tira-de-comic\/marcalibro-recuerdo-de-1a-comunion\/#breadcrumb\",\"itemListElement\":[{\"@type\":\"ListItem\",\"position\":1,\"item\":{\"@type\":\"WebPage\",\"@id\":\"https:\/\/www.joseyedro.com\/blog\/\",\"url\":\"https:\/\/www.joseyedro.com\/blog\/\",\"name\":\"Home\"}},{\"@type\":\"ListItem\",\"position\":2,\"item\":{\"@type\":\"WebPage\",\"@id\":\"http:\/\/www.joseyedro.com\/blog\/tira-de-comic\/\",\"url\":\"http:\/\/www.joseyedro.com\/blog\/tira-de-comic\/\",\"name\":\"TIRA DE C\\u00d3MIC\"}},{\"@type\":\"ListItem\",\"position\":3,\"item\":{\"@type\":\"WebPage\",\"@id\":\"http:\/\/www.joseyedro.com\/blog\/tira-de-comic\/marcalibro-recuerdo-de-1a-comunion\/\",\"url\":\"http:\/\/www.joseyedro.com\/blog\/tira-de-comic\/marcalibro-recuerdo-de-1a-comunion\/\",\"name\":\"Marcalibro recuerdo de 1\\u00aa Comuni\\u00f3n\"}}]}]}<\/script>\n<!-- \/ Yoast SEO plugin. -->","_links":{"self":[{"href":"http:\/\/www.joseyedro.com\/blog\/wp-json\/wp\/v2\/pages\/534"}],"collection":[{"href":"http:\/\/www.joseyedro.com\/blog\/wp-json\/wp\/v2\/pages"}],"about":[{"href":"http:\/\/www.joseyedro.com\/blog\/wp-json\/wp\/v2\/types\/page"}],"author":[{"embeddable":true,"href":"http:\/\/www.joseyedro.com\/blog\/wp-json\/wp\/v2\/users\/1"}],"replies":[{"embeddable":true,"href":"http:\/\/www.joseyedro.com\/blog\/wp-json\/wp\/v2\/comments?post=534"}],"version-history":[{"count":10,"href":"http:\/\/www.joseyedro.com\/blog\/wp-json\/wp\/v2\/pages\/534\/revisions"}],"predecessor-version":[{"id":1736,"href":"http:\/\/www.joseyedro.com\/blog\/wp-json\/wp\/v2\/pages\/534\/revisions\/1736"}],"up":[{"embeddable":true,"href":"http:\/\/www.joseyedro.com\/blog\/wp-json\/wp\/v2\/pages\/182"}],"wp:attachment":[{"href":"http:\/\/www.joseyedro.com\/blog\/wp-json\/wp\/v2\/media?parent=534"}],"curies":[{"name":"wp","href":"https:\/\/api.w.org\/{rel}","templated":true}]}}